{"id":118411,"date":"2023-05-04T10:25:19","date_gmt":"2023-05-04T08:25:19","guid":{"rendered":"https:\/\/mathiaslandau.com\/?page_id=118411"},"modified":"2024-12-10T08:17:28","modified_gmt":"2024-12-10T07:17:28","slug":"a-propos-de-landau","status":"publish","type":"page","link":"https:\/\/mathiaslandau.com\/en\/a-propos-de-landau\/","title":{"rendered":"About Landau"},"content":{"rendered":"<div class=\"wpb-content-wrapper\"><div data-parent=\"true\" class=\"vc_row row-container\" id=\"row-unique-0\"><div class=\"row no-top-padding no-bottom-padding no-h-padding full-width row-parent\" data-height-ratio=\"25\"><div class=\"wpb_row row-inner\"><div class=\"wpb_column pos-middle pos-center align_center column_parent col-lg-12 single-internal-gutter\"><div class=\"uncol style-light\"  ><div class=\"uncoltable\"><div class=\"uncell no-block-padding\" ><div class=\"uncont\" ><div class=\"vc_custom_heading_wrap\"><div class=\"heading-text el-text\" ><h2 class=\"h1 text-uppercase\" ><span>About Landau<\/span><\/h2><\/div><div class=\"clear\"><\/div><\/div><\/div><\/div><\/div><\/div><\/div><script id=\"script-row-unique-0\" data-row=\"script-row-unique-0\" type=\"text\/javascript\" class=\"vc_controls\">UNCODE.initRow(document.getElementById(\"row-unique-0\"));<\/script><\/div><\/div><\/div><div data-parent=\"true\" class=\"vc_row inverted-device-order row-container onepage-section\" data-label=\"Identite\" data-name=\"identite\" id=\"Identite\"><div class=\"row unequal col-no-gutter no-top-padding no-bottom-padding no-h-padding full-width row-parent\"><div class=\"wpb_row row-inner\"><div class=\"wpb_column pos-top pos-center align_left column_parent col-lg-6 single-internal-gutter\"><div class=\"uncol style-light\"  ><div class=\"uncoltable\"><div class=\"uncell double-block-padding\" ><div class=\"uncont\" style=\" max-width:80%;\" ><div class=\"vc_custom_heading_wrap\"><div class=\"heading-text el-text\" ><h2 class=\"h2\" ><span>Our identity<\/span><\/h2><\/div><div class=\"clear\"><\/div><\/div><div class=\"uncode_text_column\" ><p>Dancer and fashion designer Mathias Landau has shaped his brand identity with a unique vision.<\/p>\n<p>Passionate about creation, he brings a new touch by combining the minimalist elegance of the dancer with the overflowing creativity of the fashion designer. His philosophy is to highlight the uniqueness of each body, using quality materials and precise tailoring techniques.<\/p>\n<p>As a true artist, Mathias Landau is always looking for innovation in his creations. He thus combines aesthetics and functionality to offer elegant and practical accessories.<\/p>\n<\/div><\/div><\/div><\/div><\/div><\/div><div class=\"wpb_column pos-top pos-center align_left column_parent col-lg-6 single-internal-gutter\"><div class=\"uncol style-light\"  ><div class=\"uncoltable\" style=\"min-height: 340px;\"><div class=\"uncell single-block-padding   with-parallax with-kburns\" ><div class=\"column-background background-element\">\n\t\t\t\t\t\t\t\t\t\t\t<div class=\"background-wrapper\">\n\t\t\t\t\t\t\t\t\t\t\t\t<div class=\"background-inner\" style=\"background-image: url(https:\/\/mathiaslandau.com\/wp-content\/uploads\/2024\/12\/Mathias-Landau-Produit-22.png);background-repeat: no-repeat;background-position: left center;background-size: cover;\" data-o_src=\"https:\/\/mathiaslandau.com\/wp-content\/uploads\/2024\/12\/Mathias-Landau-Produit-22.png\"><\/div>\n\t\t\t\t\t\t\t\t\t\t\t\t<div class=\"block-bg-overlay style-color-207695-bg\" style=\"opacity: 0.5;\"><\/div>\n\t\t\t\t\t\t\t\t\t\t\t<\/div>\n\t\t\t\t\t\t\t\t\t\t<\/div><div class=\"uncont\" ><\/div><\/div><\/div><\/div><\/div><script id=\"script-Identite\" data-row=\"script-Identite\" type=\"text\/javascript\" class=\"vc_controls\">UNCODE.initRow(document.getElementById(\"Identite\"));<\/script><\/div><\/div><\/div><div data-parent=\"true\" class=\"vc_row inverted-device-order row-container onepage-section\" data-label=\"Valeurs\" data-name=\"valeurs\" id=\"Valeurs\"><div class=\"row unequal col-no-gutter no-top-padding no-bottom-padding no-h-padding full-width row-parent\"><div class=\"wpb_row row-inner\"><div class=\"wpb_column pos-top pos-center align_left column_parent col-lg-6 single-internal-gutter\"><div class=\"uncol style-light\"  ><div class=\"uncoltable\" style=\"min-height: 340px;\"><div class=\"uncell single-block-padding   with-parallax with-kburns\" ><div class=\"column-background background-element\">\n\t\t\t\t\t\t\t\t\t\t\t<div class=\"background-wrapper\">\n\t\t\t\t\t\t\t\t\t\t\t\t<div class=\"background-inner\" style=\"background-image: url(https:\/\/mathiaslandau.com\/wp-content\/uploads\/2024\/12\/Mathias-Landau-Produit-26.png);background-repeat: no-repeat;background-position: left center;background-size: cover;\" data-o_src=\"https:\/\/mathiaslandau.com\/wp-content\/uploads\/2024\/12\/Mathias-Landau-Produit-26.png\"><\/div>\n\t\t\t\t\t\t\t\t\t\t\t\t<div class=\"block-bg-overlay style-color-207695-bg\" style=\"opacity: 0.5;\"><\/div>\n\t\t\t\t\t\t\t\t\t\t\t<\/div>\n\t\t\t\t\t\t\t\t\t\t<\/div><div class=\"uncont\" ><\/div><\/div><\/div><\/div><\/div><div class=\"wpb_column pos-top pos-center align_left column_parent col-lg-6 single-internal-gutter\"><div class=\"uncol style-light\"  ><div class=\"uncoltable\"><div class=\"uncell double-block-padding\" ><div class=\"uncont\" style=\" max-width:80%;\" ><div class=\"vc_custom_heading_wrap\"><div class=\"heading-text el-text\" ><h2 class=\"h2\" ><span>Our values<\/span><\/h2><\/div><div class=\"clear\"><\/div><\/div><div class=\"uncode_text_column\" ><p>At Landau, our commitment to quality is reflected in every product we make. Each of our pieces is carefully handcrafted in our workshops in France to ensure impeccable finish and exceptional durability.<\/p>\n<p>But Landau is more than just a brand. We pride ourselves on being inclusive and celebrating diversity.<\/p>\n<p>LGBTQI+ friendly, we offer a range of non-gender specific products that fit all bodies and sizes.<\/p>\n<p>At Landau, we believe that authenticity and uniqueness are the keys to beauty, and we are here to help you express yourself.<\/p>\n<p>Our approach to fashion is different. We don't just want to dress you, we want to make you look good.<\/p>\n<p>Each of our pieces is designed to reflect your personality and identity, reflecting your unique style. You deserve superior quality pieces that will help you feel confident and proudly display your individuality.<\/p>\n<\/div><\/div><\/div><\/div><\/div><\/div><script id=\"script-Valeurs\" data-row=\"script-Valeurs\" type=\"text\/javascript\" class=\"vc_controls\">UNCODE.initRow(document.getElementById(\"Valeurs\"));<\/script><\/div><\/div><\/div><div data-parent=\"true\" class=\"vc_row inverted-device-order row-container onepage-section\" data-label=\"Esthetique\" data-name=\"esthetique\" id=\"Esthetique\"><div class=\"row unequal col-no-gutter no-top-padding no-bottom-padding no-h-padding full-width row-parent\"><div class=\"wpb_row row-inner\"><div class=\"wpb_column pos-top pos-center align_left column_parent col-lg-6 single-internal-gutter\"><div class=\"uncol style-light\"  ><div class=\"uncoltable\"><div class=\"uncell double-block-padding\" ><div class=\"uncont\" style=\" max-width:80%;\" ><div class=\"vc_custom_heading_wrap\"><div class=\"heading-text el-text\" ><h2 class=\"h2\" ><span>L&rsquo;esth\u00e9tique Landau<\/span><\/h2><\/div><div class=\"clear\"><\/div><\/div><div class=\"uncode_text_column\" ><p>The Landau brand shakes up the taboos around eroticism, offering a unique approach to couture and sensuality.<\/p>\n<p>We believe that elegance and sensuality can coexist, creating a timeless and bold aesthetic.<\/p>\n<p>Our philosophy is based on symbiosis, which emphasizes the intensity of the body in all its sobriety.<\/p>\n<p>We want our pieces to reflect your personality, while revealing your sensuality.<\/p>\n<\/div><\/div><\/div><\/div><\/div><\/div><div class=\"wpb_column pos-top pos-center align_left column_parent col-lg-6 single-internal-gutter\"><div class=\"uncol style-light\"  ><div class=\"uncoltable\" style=\"min-height: 340px;\"><div class=\"uncell single-block-padding   with-parallax with-kburns\" ><div class=\"column-background background-element\">\n\t\t\t\t\t\t\t\t\t\t\t<div class=\"background-wrapper\">\n\t\t\t\t\t\t\t\t\t\t\t\t<div class=\"background-inner\" style=\"background-image: url(https:\/\/mathiaslandau.com\/wp-content\/uploads\/2024\/12\/Mathias-Landau-Produit-24.png);background-repeat: no-repeat;background-position: left center;background-size: cover;\" data-o_src=\"https:\/\/mathiaslandau.com\/wp-content\/uploads\/2024\/12\/Mathias-Landau-Produit-24.png\"><\/div>\n\t\t\t\t\t\t\t\t\t\t\t\t<div class=\"block-bg-overlay style-color-207695-bg\" style=\"opacity: 0.5;\"><\/div>\n\t\t\t\t\t\t\t\t\t\t\t<\/div>\n\t\t\t\t\t\t\t\t\t\t<\/div><div class=\"uncont\" ><\/div><\/div><\/div><\/div><\/div><script id=\"script-Esthetique\" data-row=\"script-Esthetique\" type=\"text\/javascript\" class=\"vc_controls\">UNCODE.initRow(document.getElementById(\"Esthetique\"));<\/script><\/div><\/div><\/div>\n<\/div>","protected":false},"excerpt":{"rendered":"\u00c0 propos de LandauNotre identit\u00e9Mathias Landau, danseur et couturier, a fa\u00e7onn\u00e9 l&rsquo;identit\u00e9 de sa marque avec une vision unique en [...]","protected":false},"author":1,"featured_media":0,"parent":0,"menu_order":0,"comment_status":"closed","ping_status":"closed","template":"","meta":{"om_disable_all_campaigns":false,"_monsterinsights_skip_tracking":false,"_monsterinsights_sitenote_active":false,"_monsterinsights_sitenote_note":"","_monsterinsights_sitenote_category":0,"footnotes":""},"class_list":["post-118411","page","type-page","status-publish","hentry"],"yoast_head":"<!-- This site is optimized with the Yoast SEO plugin v27.3 - https:\/\/yoast.com\/product\/yoast-seo-wordpress\/ -->\n<title>\u00c0 propos de Landau - Mathias Landau<\/title>\n<meta name=\"description\" content=\"D\u00e9couvrez Landau, la marque d&#039;accessoires de mode. Des pi\u00e8ces de qualit\u00e9 qui refl\u00e8tent votre style, pour tous les corps et toutes les tailles\" \/>\n<meta name=\"robots\" content=\"index, follow, max-snippet:-1, max-image-preview:large, max-video-preview:-1\" \/>\n<link rel=\"canonical\" href=\"https:\/\/mathiaslandau.com\/en\/a-propos-de-landau\/\" \/>\n<meta property=\"og:locale\" content=\"en_US\" \/>\n<meta property=\"og:type\" content=\"article\" \/>\n<meta property=\"og:title\" content=\"\u00c0 propos de Landau - Mathias Landau\" \/>\n<meta property=\"og:description\" content=\"D\u00e9couvrez Landau, la marque d&#039;accessoires de mode. Des pi\u00e8ces de qualit\u00e9 qui refl\u00e8tent votre style, pour tous les corps et toutes les tailles\" \/>\n<meta property=\"og:url\" content=\"https:\/\/mathiaslandau.com\/en\/a-propos-de-landau\/\" \/>\n<meta property=\"og:site_name\" content=\"Mathias Landau\" \/>\n<meta property=\"article:modified_time\" content=\"2024-12-10T07:17:28+00:00\" \/>\n<meta name=\"twitter:card\" content=\"summary_large_image\" \/>\n<meta name=\"twitter:label1\" content=\"Est. reading time\" \/>\n\t<meta name=\"twitter:data1\" content=\"3 minutes\" \/>\n<script type=\"application\/ld+json\" class=\"yoast-schema-graph\">{\"@context\":\"https:\\\/\\\/schema.org\",\"@graph\":[{\"@type\":\"WebPage\",\"@id\":\"https:\\\/\\\/mathiaslandau.com\\\/a-propos-de-landau\\\/\",\"url\":\"https:\\\/\\\/mathiaslandau.com\\\/a-propos-de-landau\\\/\",\"name\":\"\u00c0 propos de Landau - Mathias Landau\",\"isPartOf\":{\"@id\":\"https:\\\/\\\/mathiaslandau.com\\\/#website\"},\"datePublished\":\"2023-05-04T08:25:19+00:00\",\"dateModified\":\"2024-12-10T07:17:28+00:00\",\"description\":\"D\u00e9couvrez Landau, la marque d'accessoires de mode. Des pi\u00e8ces de qualit\u00e9 qui refl\u00e8tent votre style, pour tous les corps et toutes les tailles\",\"breadcrumb\":{\"@id\":\"https:\\\/\\\/mathiaslandau.com\\\/a-propos-de-landau\\\/#breadcrumb\"},\"inLanguage\":\"en-US\",\"potentialAction\":[{\"@type\":\"ReadAction\",\"target\":[\"https:\\\/\\\/mathiaslandau.com\\\/a-propos-de-landau\\\/\"]}]},{\"@type\":\"BreadcrumbList\",\"@id\":\"https:\\\/\\\/mathiaslandau.com\\\/a-propos-de-landau\\\/#breadcrumb\",\"itemListElement\":[{\"@type\":\"ListItem\",\"position\":1,\"name\":\"Accueil\",\"item\":\"https:\\\/\\\/mathiaslandau.com\\\/\"},{\"@type\":\"ListItem\",\"position\":2,\"name\":\"\u00c0 propos de Landau\"}]},{\"@type\":\"WebSite\",\"@id\":\"https:\\\/\\\/mathiaslandau.com\\\/#website\",\"url\":\"https:\\\/\\\/mathiaslandau.com\\\/\",\"name\":\"Mathias Landau\",\"description\":\"R\u00e9v\u00e9lez votre sensualit\u00e9\",\"publisher\":{\"@id\":\"https:\\\/\\\/mathiaslandau.com\\\/#organization\"},\"potentialAction\":[{\"@type\":\"SearchAction\",\"target\":{\"@type\":\"EntryPoint\",\"urlTemplate\":\"https:\\\/\\\/mathiaslandau.com\\\/?s={search_term_string}\"},\"query-input\":{\"@type\":\"PropertyValueSpecification\",\"valueRequired\":true,\"valueName\":\"search_term_string\"}}],\"inLanguage\":\"en-US\"},{\"@type\":\"Organization\",\"@id\":\"https:\\\/\\\/mathiaslandau.com\\\/#organization\",\"name\":\"Mathias Landau\",\"url\":\"https:\\\/\\\/mathiaslandau.com\\\/\",\"logo\":{\"@type\":\"ImageObject\",\"inLanguage\":\"en-US\",\"@id\":\"https:\\\/\\\/mathiaslandau.com\\\/#\\\/schema\\\/logo\\\/image\\\/\",\"url\":\"https:\\\/\\\/mathiaslandau.com\\\/wp-content\\\/uploads\\\/2023\\\/12\\\/Noir.svg\",\"contentUrl\":\"https:\\\/\\\/mathiaslandau.com\\\/wp-content\\\/uploads\\\/2023\\\/12\\\/Noir.svg\",\"width\":1,\"height\":1,\"caption\":\"Mathias Landau\"},\"image\":{\"@id\":\"https:\\\/\\\/mathiaslandau.com\\\/#\\\/schema\\\/logo\\\/image\\\/\"},\"sameAs\":[\"https:\\\/\\\/www.instagram.com\\\/landauofficial\\\/\"]}]}<\/script>\n<!-- \/ Yoast SEO plugin. -->","yoast_head_json":{"title":"\u00c0 propos de Landau - Mathias Landau","description":"D\u00e9couvrez Landau, la marque d'accessoires de mode. Des pi\u00e8ces de qualit\u00e9 qui refl\u00e8tent votre style, pour tous les corps et toutes les tailles","robots":{"index":"index","follow":"follow","max-snippet":"max-snippet:-1","max-image-preview":"max-image-preview:large","max-video-preview":"max-video-preview:-1"},"canonical":"https:\/\/mathiaslandau.com\/en\/a-propos-de-landau\/","og_locale":"en_US","og_type":"article","og_title":"\u00c0 propos de Landau - Mathias Landau","og_description":"D\u00e9couvrez Landau, la marque d'accessoires de mode. Des pi\u00e8ces de qualit\u00e9 qui refl\u00e8tent votre style, pour tous les corps et toutes les tailles","og_url":"https:\/\/mathiaslandau.com\/en\/a-propos-de-landau\/","og_site_name":"Mathias Landau","article_modified_time":"2024-12-10T07:17:28+00:00","twitter_card":"summary_large_image","twitter_misc":{"Est. reading time":"3 minutes"},"schema":{"@context":"https:\/\/schema.org","@graph":[{"@type":"WebPage","@id":"https:\/\/mathiaslandau.com\/a-propos-de-landau\/","url":"https:\/\/mathiaslandau.com\/a-propos-de-landau\/","name":"\u00c0 propos de Landau - Mathias Landau","isPartOf":{"@id":"https:\/\/mathiaslandau.com\/#website"},"datePublished":"2023-05-04T08:25:19+00:00","dateModified":"2024-12-10T07:17:28+00:00","description":"D\u00e9couvrez Landau, la marque d'accessoires de mode. Des pi\u00e8ces de qualit\u00e9 qui refl\u00e8tent votre style, pour tous les corps et toutes les tailles","breadcrumb":{"@id":"https:\/\/mathiaslandau.com\/a-propos-de-landau\/#breadcrumb"},"inLanguage":"en-US","potentialAction":[{"@type":"ReadAction","target":["https:\/\/mathiaslandau.com\/a-propos-de-landau\/"]}]},{"@type":"BreadcrumbList","@id":"https:\/\/mathiaslandau.com\/a-propos-de-landau\/#breadcrumb","itemListElement":[{"@type":"ListItem","position":1,"name":"Accueil","item":"https:\/\/mathiaslandau.com\/"},{"@type":"ListItem","position":2,"name":"\u00c0 propos de Landau"}]},{"@type":"WebSite","@id":"https:\/\/mathiaslandau.com\/#website","url":"https:\/\/mathiaslandau.com\/","name":"Mathias Landau","description":"R\u00e9v\u00e9lez votre sensualit\u00e9","publisher":{"@id":"https:\/\/mathiaslandau.com\/#organization"},"potentialAction":[{"@type":"SearchAction","target":{"@type":"EntryPoint","urlTemplate":"https:\/\/mathiaslandau.com\/?s={search_term_string}"},"query-input":{"@type":"PropertyValueSpecification","valueRequired":true,"valueName":"search_term_string"}}],"inLanguage":"en-US"},{"@type":"Organization","@id":"https:\/\/mathiaslandau.com\/#organization","name":"Mathias Landau","url":"https:\/\/mathiaslandau.com\/","logo":{"@type":"ImageObject","inLanguage":"en-US","@id":"https:\/\/mathiaslandau.com\/#\/schema\/logo\/image\/","url":"https:\/\/mathiaslandau.com\/wp-content\/uploads\/2023\/12\/Noir.svg","contentUrl":"https:\/\/mathiaslandau.com\/wp-content\/uploads\/2023\/12\/Noir.svg","width":1,"height":1,"caption":"Mathias Landau"},"image":{"@id":"https:\/\/mathiaslandau.com\/#\/schema\/logo\/image\/"},"sameAs":["https:\/\/www.instagram.com\/landauofficial\/"]}]}},"_links":{"self":[{"href":"https:\/\/mathiaslandau.com\/en\/wp-json\/wp\/v2\/pages\/118411","targetHints":{"allow":["GET"]}}],"collection":[{"href":"https:\/\/mathiaslandau.com\/en\/wp-json\/wp\/v2\/pages"}],"about":[{"href":"https:\/\/mathiaslandau.com\/en\/wp-json\/wp\/v2\/types\/page"}],"author":[{"embeddable":true,"href":"https:\/\/mathiaslandau.com\/en\/wp-json\/wp\/v2\/users\/1"}],"replies":[{"embeddable":true,"href":"https:\/\/mathiaslandau.com\/en\/wp-json\/wp\/v2\/comments?post=118411"}],"version-history":[{"count":15,"href":"https:\/\/mathiaslandau.com\/en\/wp-json\/wp\/v2\/pages\/118411\/revisions"}],"predecessor-version":[{"id":118816,"href":"https:\/\/mathiaslandau.com\/en\/wp-json\/wp\/v2\/pages\/118411\/revisions\/118816"}],"wp:attachment":[{"href":"https:\/\/mathiaslandau.com\/en\/wp-json\/wp\/v2\/media?parent=118411"}],"curies":[{"name":"wp","href":"https:\/\/api.w.org\/{rel}","templated":true}]}}