{"id":118428,"date":"2023-05-08T08:37:12","date_gmt":"2023-05-08T06:37:12","guid":{"rendered":"https:\/\/mathiaslandau.com\/?page_id=118428"},"modified":"2023-05-08T08:37:12","modified_gmt":"2023-05-08T06:37:12","slug":"mentions-legales","status":"publish","type":"page","link":"https:\/\/mathiaslandau.com\/en\/mentions-legales\/","title":{"rendered":"Legal notice"},"content":{"rendered":"<div class=\"wpb-content-wrapper\"><div data-parent=\"true\" class=\"vc_row style-color-wayh-bg row-container\" id=\"row-unique-0\"><div class=\"row no-top-padding no-bottom-padding no-h-padding full-width row-parent\" data-height-ratio=\"40\"><div class=\"wpb_row row-inner\"><div class=\"wpb_column pos-middle pos-center align_center column_parent col-lg-12 single-internal-gutter\"><div class=\"uncol style-dark\"  ><div class=\"uncoltable\"><div class=\"uncell no-block-padding\" ><div class=\"uncont\" ><div class=\"vc_custom_heading_wrap\"><div class=\"heading-text el-text\" ><h2 class=\"fontsize-210105\" ><span>Legal notice<\/span><\/h2><\/div><div class=\"clear\"><\/div><\/div><\/div><\/div><\/div><\/div><\/div><script id=\"script-row-unique-0\" data-row=\"script-row-unique-0\" type=\"text\/javascript\" class=\"vc_controls\">UNCODE.initRow(document.getElementById(\"row-unique-0\"));<\/script><\/div><\/div><\/div><div data-parent=\"true\" class=\"vc_row row-container\" id=\"row-unique-1\"><div class=\"row limit-width row-parent\"><div class=\"wpb_row row-inner\"><div class=\"wpb_column pos-top pos-center align_left column_parent col-lg-12 single-internal-gutter\"><div class=\"uncol style-light\"  ><div class=\"uncoltable\"><div class=\"uncell no-block-padding\" ><div class=\"uncont\" ><div class=\"uncode_text_column\" ><\/p>\n<h2>\u00c9diteur du site<\/h2>\n<p>Nom de l\u2019entreprise : Landau<br \/>\nForme juridique : Soci\u00e9t\u00e9 \u00e0 responsabilit\u00e9 limit\u00e9e (SARL)<br \/>\nAdresse du si\u00e8ge social : 123 Rue du Commerce, 75015 Paris, France<br \/>\nNum\u00e9ro de t\u00e9l\u00e9phone : +33 1 23 45 67 89<br \/>\nAdresse e-mail : contact@mathiaslandau.com<\/p>\n<p>Num\u00e9ro d\u2019inscription au registre du commerce et des soci\u00e9t\u00e9s (RCS) : Paris 123 456 789<\/p>\n<h2>Responsable de la publication<\/h2>\n<p>Nom : Jean Dupont<br \/>\nFonction : G\u00e9rant<\/p>\n<p>Le site internet de Landau est \u00e9dit\u00e9 par la SARL Landau, dont le si\u00e8ge social est situ\u00e9 \u00e0 Paris, France. La soci\u00e9t\u00e9 est enregistr\u00e9e au registre du commerce et des soci\u00e9t\u00e9s de Paris sous le num\u00e9ro 123 456 789.<\/p>\n<p>Le responsable de la publication du site est Jean Dupont, g\u00e9rant de la SARL Landau.<\/p>\n<p>Pour contacter Landau, vous pouvez utiliser le formulaire de contact disponible sur le site, ou nous \u00e9crire \u00e0 l\u2019adresse postale suivante : Landau, 123 Rue du Commerce, 75015 Paris, France.<\/p>\n<h2>H\u00e9bergeur du site<\/h2>\n<p>Nom de l\u2019h\u00e9bergeur : IONOS 1&amp;1<br \/>\nAdresse de l\u2019h\u00e9bergeur : 7 Place de la Gare, 57200 Sarreguemines, France<br \/>\nNum\u00e9ro de t\u00e9l\u00e9phone de l\u2019h\u00e9bergeur : +33 9 70 80 89 11<\/p>\n<p>Le site internet de Landau est h\u00e9berg\u00e9 par IONOS 1&amp;1, dont le si\u00e8ge social est situ\u00e9 \u00e0 Sarreguemines, France.<\/p>\n<p>Pour contacter l\u2019h\u00e9bergeur du site, vous pouvez utiliser le num\u00e9ro de t\u00e9l\u00e9phone suivant : +33 9 70 80 89 11.<\/p>\n<h2>Propri\u00e9t\u00e9 intellectuelle<\/h2>\n<p>Le site internet de Landau ainsi que l\u2019ensemble de son contenu (textes, images, vid\u00e9os, logos, marques, etc.) sont prot\u00e9g\u00e9s par les lois fran\u00e7aises et internationales relatives \u00e0 la propri\u00e9t\u00e9 intellectuelle.<\/p>\n<p>Toute reproduction, repr\u00e9sentation, modification, publication, adaptation de tout ou partie des \u00e9l\u00e9ments du site, quel que soit le moyen ou le proc\u00e9d\u00e9 utilis\u00e9, est interdite sans l\u2019autorisation pr\u00e9alable et \u00e9crite de la SARL Landau.<\/p>\n<p>Toute exploitation non autoris\u00e9e du site ou de son contenu sera consid\u00e9r\u00e9e comme constitutive d\u2019une contrefa\u00e7on et poursuivie conform\u00e9ment aux dispositions des articles L.335-2 et suivants du Code de la propri\u00e9t\u00e9 intellectuelle.<\/p>\n<h2>Donn\u00e9es personnelles<\/h2>\n<p>La SARL Landau est soucieuse de la protection des donn\u00e9es personnelles de ses utilisateurs. Les donn\u00e9es personnelles collect\u00e9es sur le site internet de Landau sont destin\u00e9es \u00e0 l\u2019usage exclusif de la soci\u00e9t\u00e9 et ne sont en aucun cas communiqu\u00e9es \u00e0 des tiers.<\/p>\n<p>Les donn\u00e9es collect\u00e9es sont celles que vous nous fournissez volontairement, notamment via le formulaire de contact ou lors de la cr\u00e9ation d\u2019un compte sur le site.<\/p>\n<p>Conform\u00e9ment \u00e0 la loi Informatique et Libert\u00e9s du 6 janvier 1978 modifi\u00e9e et au R\u00e8glement g\u00e9n\u00e9ral sur la protection des donn\u00e9es (RGPD), vous disposez d\u2019un droit d\u2019acc\u00e8s, de rectification et de suppression des donn\u00e9es vous concernant. Vous pouvez exercer ces droits en nous contactant par e-mail \u00e0 l\u2019adresse contact@mathiaslandau.com ou par courrier \u00e0 l\u2019adresse suivante : Landau, 123 Rue du Commerce, 75015 Paris, France.<\/p>\n<p>Nous mettons en \u0153uvre des mesures de s\u00e9curit\u00e9 techniques et organisationnelles appropri\u00e9es pour garantir la s\u00e9curit\u00e9 et la confidentialit\u00e9 de vos donn\u00e9es personnelles. Cependant, vous devez \u00eatre conscient que la transmission de donn\u00e9es sur internet peut pr\u00e9senter des risques de s\u00e9curit\u00e9 et que nous ne pouvons pas garantir une s\u00e9curit\u00e9 absolue de vos donn\u00e9es.<\/p>\n<h2>Cookies<\/h2>\n<p>Le site internet de Landau utilise des cookies pour am\u00e9liorer l\u2019exp\u00e9rience utilisateur et faciliter la navigation sur le site.<\/p>\n<p>Un cookie est un fichier texte stock\u00e9 sur le disque dur de l\u2019utilisateur par le serveur du site internet. Il permet de reconna\u00eetre l\u2019utilisateur lors de ses visites ult\u00e9rieures sur le site.<\/p>\n<p>Les cookies utilis\u00e9s sur le site de Landau sont des cookies de mesure d\u2019audience, qui permettent de collecter des donn\u00e9es statistiques sur l\u2019utilisation du site. Les donn\u00e9es collect\u00e9es sont anonymes et ne permettent pas l\u2019identification de l\u2019utilisateur.<\/p>\n<p>Vous pouvez refuser l\u2019utilisation des cookies en modifiant les param\u00e8tres de votre navigateur. Cependant, cela peut affecter le fonctionnement du site et r\u00e9duire la qualit\u00e9 de l\u2019exp\u00e9rience utilisateur.<\/p>\n<h2>Responsabilit\u00e9<\/h2>\n<p>La SARL Landau s\u2019efforce de mettre \u00e0 jour r\u00e9guli\u00e8rement le contenu du site internet. Cependant, la soci\u00e9t\u00e9 ne garantit pas l\u2019exactitude, la fiabilit\u00e9 ou la pertinence des informations fournies sur le site.<\/p>\n<p>La SARL Landau ne peut \u00eatre tenue responsable des dommages directs ou indirects, quels qu\u2019ils soient, r\u00e9sultant de l\u2019utilisation du site internet ou de l\u2019impossibilit\u00e9 d\u2019y acc\u00e9der.<\/p>\n<p>La SARL Landau se r\u00e9serve le droit de modifier, suspendre ou interrompre l\u2019acc\u00e8s au site internet pour des raisons de maintenance ou pour tout autre motif l\u00e9gitime.<\/p>\n<p>Le site internet de Landau peut contenir des liens vers des sites tiers. La SARL Landau n\u2019a aucun contr\u00f4le sur ces sites et ne peut \u00eatre tenue responsable de leur contenu ou de leur politique de confidentialit\u00e9. L\u2019utilisation de ces liens se fait \u00e0 vos propres risques et p\u00e9rils.<\/p>\n<h2>Loi applicable et juridiction comp\u00e9tente<\/h2>\n<p>Les pr\u00e9sentes mentions l\u00e9gales sont r\u00e9gies par la loi fran\u00e7aise.<\/p>\n<p>Tout litige relatif \u00e0 l\u2019utilisation du site internet de Landau sera soumis \u00e0 la comp\u00e9tence exclusive des tribunaux fran\u00e7ais.<\/p>\n<p>En cas de litige, nous vous encourageons \u00e0 nous contacter en premier lieu pour tenter de trouver une solution amiable.<\/p>\n<h2>Contact<\/h2>\n<p>Pour contacter la SARL Landau, vous pouvez utiliser le formulaire de contact disponible sur le site internet ou nous \u00e9crire \u00e0 l\u2019adresse postale suivante :<\/p>\n<p>Landau<br \/>\n123 Rue du Commerce<br \/>\n75015 Paris<br \/>\nFrance<\/p>\n<p>Nous vous r\u00e9pondrons dans les meilleurs d\u00e9lais possibles.<\/p>\n<\/div><\/div><\/div><\/div><\/div><\/div><script id=\"script-row-unique-1\" data-row=\"script-row-unique-1\" type=\"text\/javascript\" class=\"vc_controls\">UNCODE.initRow(document.getElementById(\"row-unique-1\"));<\/script><\/div><\/div><\/div>\n<\/div>","protected":false},"excerpt":{"rendered":"Mentions l\u00e9gales\u00c9diteur du site Nom de l\u2019entreprise : Landau Forme juridique : Soci\u00e9t\u00e9 \u00e0 responsabilit\u00e9 limit\u00e9e (SARL) Adresse du si\u00e8ge [...]","protected":false},"author":1,"featured_media":0,"parent":0,"menu_order":0,"comment_status":"closed","ping_status":"closed","template":"","meta":{"om_disable_all_campaigns":false,"_monsterinsights_skip_tracking":false,"_monsterinsights_sitenote_active":false,"_monsterinsights_sitenote_note":"","_monsterinsights_sitenote_category":0,"footnotes":""},"class_list":["post-118428","page","type-page","status-publish","hentry"],"yoast_head":"<!-- This site is optimized with the Yoast SEO plugin v27.3 - https:\/\/yoast.com\/product\/yoast-seo-wordpress\/ -->\n<title>Mentions l\u00e9gales - Mathias Landau<\/title>\n<meta name=\"robots\" content=\"index, follow, max-snippet:-1, max-image-preview:large, max-video-preview:-1\" \/>\n<link rel=\"canonical\" href=\"https:\/\/mathiaslandau.com\/en\/mentions-legales\/\" \/>\n<meta property=\"og:locale\" content=\"en_US\" \/>\n<meta property=\"og:type\" content=\"article\" \/>\n<meta property=\"og:title\" content=\"Mentions l\u00e9gales - Mathias Landau\" \/>\n<meta property=\"og:url\" content=\"https:\/\/mathiaslandau.com\/en\/mentions-legales\/\" \/>\n<meta property=\"og:site_name\" content=\"Mathias Landau\" \/>\n<meta name=\"twitter:card\" content=\"summary_large_image\" \/>\n<meta name=\"twitter:label1\" content=\"Est. reading time\" \/>\n\t<meta name=\"twitter:data1\" content=\"1 minute\" \/>\n<script type=\"application\/ld+json\" class=\"yoast-schema-graph\">{\"@context\":\"https:\\\/\\\/schema.org\",\"@graph\":[{\"@type\":\"WebPage\",\"@id\":\"https:\\\/\\\/mathiaslandau.com\\\/mentions-legales\\\/\",\"url\":\"https:\\\/\\\/mathiaslandau.com\\\/mentions-legales\\\/\",\"name\":\"Mentions l\u00e9gales - Mathias Landau\",\"isPartOf\":{\"@id\":\"https:\\\/\\\/mathiaslandau.com\\\/#website\"},\"datePublished\":\"2023-05-08T06:37:12+00:00\",\"breadcrumb\":{\"@id\":\"https:\\\/\\\/mathiaslandau.com\\\/mentions-legales\\\/#breadcrumb\"},\"inLanguage\":\"en-US\",\"potentialAction\":[{\"@type\":\"ReadAction\",\"target\":[\"https:\\\/\\\/mathiaslandau.com\\\/mentions-legales\\\/\"]}]},{\"@type\":\"BreadcrumbList\",\"@id\":\"https:\\\/\\\/mathiaslandau.com\\\/mentions-legales\\\/#breadcrumb\",\"itemListElement\":[{\"@type\":\"ListItem\",\"position\":1,\"name\":\"Accueil\",\"item\":\"https:\\\/\\\/mathiaslandau.com\\\/\"},{\"@type\":\"ListItem\",\"position\":2,\"name\":\"Mentions l\u00e9gales\"}]},{\"@type\":\"WebSite\",\"@id\":\"https:\\\/\\\/mathiaslandau.com\\\/#website\",\"url\":\"https:\\\/\\\/mathiaslandau.com\\\/\",\"name\":\"Mathias Landau\",\"description\":\"R\u00e9v\u00e9lez votre sensualit\u00e9\",\"publisher\":{\"@id\":\"https:\\\/\\\/mathiaslandau.com\\\/#organization\"},\"potentialAction\":[{\"@type\":\"SearchAction\",\"target\":{\"@type\":\"EntryPoint\",\"urlTemplate\":\"https:\\\/\\\/mathiaslandau.com\\\/?s={search_term_string}\"},\"query-input\":{\"@type\":\"PropertyValueSpecification\",\"valueRequired\":true,\"valueName\":\"search_term_string\"}}],\"inLanguage\":\"en-US\"},{\"@type\":\"Organization\",\"@id\":\"https:\\\/\\\/mathiaslandau.com\\\/#organization\",\"name\":\"Mathias Landau\",\"url\":\"https:\\\/\\\/mathiaslandau.com\\\/\",\"logo\":{\"@type\":\"ImageObject\",\"inLanguage\":\"en-US\",\"@id\":\"https:\\\/\\\/mathiaslandau.com\\\/#\\\/schema\\\/logo\\\/image\\\/\",\"url\":\"https:\\\/\\\/mathiaslandau.com\\\/wp-content\\\/uploads\\\/2023\\\/12\\\/Noir.svg\",\"contentUrl\":\"https:\\\/\\\/mathiaslandau.com\\\/wp-content\\\/uploads\\\/2023\\\/12\\\/Noir.svg\",\"width\":1,\"height\":1,\"caption\":\"Mathias Landau\"},\"image\":{\"@id\":\"https:\\\/\\\/mathiaslandau.com\\\/#\\\/schema\\\/logo\\\/image\\\/\"},\"sameAs\":[\"https:\\\/\\\/www.instagram.com\\\/landauofficial\\\/\"]}]}<\/script>\n<!-- \/ Yoast SEO plugin. -->","yoast_head_json":{"title":"Mentions l\u00e9gales - Mathias Landau","robots":{"index":"index","follow":"follow","max-snippet":"max-snippet:-1","max-image-preview":"max-image-preview:large","max-video-preview":"max-video-preview:-1"},"canonical":"https:\/\/mathiaslandau.com\/en\/mentions-legales\/","og_locale":"en_US","og_type":"article","og_title":"Mentions l\u00e9gales - Mathias Landau","og_url":"https:\/\/mathiaslandau.com\/en\/mentions-legales\/","og_site_name":"Mathias Landau","twitter_card":"summary_large_image","twitter_misc":{"Est. reading time":"1 minute"},"schema":{"@context":"https:\/\/schema.org","@graph":[{"@type":"WebPage","@id":"https:\/\/mathiaslandau.com\/mentions-legales\/","url":"https:\/\/mathiaslandau.com\/mentions-legales\/","name":"Mentions l\u00e9gales - Mathias Landau","isPartOf":{"@id":"https:\/\/mathiaslandau.com\/#website"},"datePublished":"2023-05-08T06:37:12+00:00","breadcrumb":{"@id":"https:\/\/mathiaslandau.com\/mentions-legales\/#breadcrumb"},"inLanguage":"en-US","potentialAction":[{"@type":"ReadAction","target":["https:\/\/mathiaslandau.com\/mentions-legales\/"]}]},{"@type":"BreadcrumbList","@id":"https:\/\/mathiaslandau.com\/mentions-legales\/#breadcrumb","itemListElement":[{"@type":"ListItem","position":1,"name":"Accueil","item":"https:\/\/mathiaslandau.com\/"},{"@type":"ListItem","position":2,"name":"Mentions l\u00e9gales"}]},{"@type":"WebSite","@id":"https:\/\/mathiaslandau.com\/#website","url":"https:\/\/mathiaslandau.com\/","name":"Mathias Landau","description":"R\u00e9v\u00e9lez votre sensualit\u00e9","publisher":{"@id":"https:\/\/mathiaslandau.com\/#organization"},"potentialAction":[{"@type":"SearchAction","target":{"@type":"EntryPoint","urlTemplate":"https:\/\/mathiaslandau.com\/?s={search_term_string}"},"query-input":{"@type":"PropertyValueSpecification","valueRequired":true,"valueName":"search_term_string"}}],"inLanguage":"en-US"},{"@type":"Organization","@id":"https:\/\/mathiaslandau.com\/#organization","name":"Mathias Landau","url":"https:\/\/mathiaslandau.com\/","logo":{"@type":"ImageObject","inLanguage":"en-US","@id":"https:\/\/mathiaslandau.com\/#\/schema\/logo\/image\/","url":"https:\/\/mathiaslandau.com\/wp-content\/uploads\/2023\/12\/Noir.svg","contentUrl":"https:\/\/mathiaslandau.com\/wp-content\/uploads\/2023\/12\/Noir.svg","width":1,"height":1,"caption":"Mathias Landau"},"image":{"@id":"https:\/\/mathiaslandau.com\/#\/schema\/logo\/image\/"},"sameAs":["https:\/\/www.instagram.com\/landauofficial\/"]}]}},"_links":{"self":[{"href":"https:\/\/mathiaslandau.com\/en\/wp-json\/wp\/v2\/pages\/118428","targetHints":{"allow":["GET"]}}],"collection":[{"href":"https:\/\/mathiaslandau.com\/en\/wp-json\/wp\/v2\/pages"}],"about":[{"href":"https:\/\/mathiaslandau.com\/en\/wp-json\/wp\/v2\/types\/page"}],"author":[{"embeddable":true,"href":"https:\/\/mathiaslandau.com\/en\/wp-json\/wp\/v2\/users\/1"}],"replies":[{"embeddable":true,"href":"https:\/\/mathiaslandau.com\/en\/wp-json\/wp\/v2\/comments?post=118428"}],"version-history":[{"count":1,"href":"https:\/\/mathiaslandau.com\/en\/wp-json\/wp\/v2\/pages\/118428\/revisions"}],"predecessor-version":[{"id":118429,"href":"https:\/\/mathiaslandau.com\/en\/wp-json\/wp\/v2\/pages\/118428\/revisions\/118429"}],"wp:attachment":[{"href":"https:\/\/mathiaslandau.com\/en\/wp-json\/wp\/v2\/media?parent=118428"}],"curies":[{"name":"wp","href":"https:\/\/api.w.org\/{rel}","templated":true}]}}