{"id":118432,"date":"2023-05-08T08:44:14","date_gmt":"2023-05-08T06:44:14","guid":{"rendered":"https:\/\/mathiaslandau.com\/?page_id=118432"},"modified":"2023-05-08T08:44:14","modified_gmt":"2023-05-08T06:44:14","slug":"politique-de-confidentialite-2","status":"publish","type":"page","link":"https:\/\/mathiaslandau.com\/en\/politique-de-confidentialite-2\/","title":{"rendered":"Privacy policy"},"content":{"rendered":"<div class=\"wpb-content-wrapper\"><div data-parent=\"true\" class=\"vc_row style-color-wayh-bg row-container\" id=\"row-unique-0\"><div class=\"row no-top-padding no-bottom-padding no-h-padding full-width row-parent\" data-height-ratio=\"40\"><div class=\"wpb_row row-inner\"><div class=\"wpb_column pos-middle pos-center align_center column_parent col-lg-12 single-internal-gutter\"><div class=\"uncol style-dark\"  ><div class=\"uncoltable\"><div class=\"uncell no-block-padding\" ><div class=\"uncont\" ><div class=\"vc_custom_heading_wrap\"><div class=\"heading-text el-text\" ><h2 class=\"fontsize-210105\" ><span>Conditions G\u00e9n\u00e9rales d&rsquo;Utilisation<\/span><\/h2><\/div><div class=\"clear\"><\/div><\/div><\/div><\/div><\/div><\/div><\/div><script id=\"script-row-unique-0\" data-row=\"script-row-unique-0\" type=\"text\/javascript\" class=\"vc_controls\">UNCODE.initRow(document.getElementById(\"row-unique-0\"));<\/script><\/div><\/div><\/div><div data-parent=\"true\" class=\"vc_row row-container\" id=\"row-unique-1\"><div class=\"row limit-width row-parent\"><div class=\"wpb_row row-inner\"><div class=\"wpb_column pos-top pos-center align_left column_parent col-lg-12 single-internal-gutter\"><div class=\"uncol style-light\"  ><div class=\"uncoltable\"><div class=\"uncell no-block-padding\" ><div class=\"uncont\" ><div class=\"uncode_text_column\" ><\/p>\n<h2>Collecte et utilisation des donn\u00e9es personnelles<\/h2>\n<p>La SARL Landau est soucieuse de la protection des donn\u00e9es personnelles de ses utilisateurs. Les donn\u00e9es personnelles collect\u00e9es sur le site internet de Landau sont destin\u00e9es \u00e0 l\u2019usage exclusif de la soci\u00e9t\u00e9 et ne sont en aucun cas communiqu\u00e9es \u00e0 des tiers.<\/p>\n<p>Les donn\u00e9es collect\u00e9es sont celles que vous nous fournissez volontairement, notamment via le formulaire de contact ou lors de la cr\u00e9ation d\u2019un compte sur le site. Les donn\u00e9es collect\u00e9es peuvent inclure votre nom, pr\u00e9nom, adresse e-mail, num\u00e9ro de t\u00e9l\u00e9phone et adresse postale.<\/p>\n<p>Les donn\u00e9es collect\u00e9es sont utilis\u00e9es pour les finalit\u00e9s suivantes :<\/p>\n<ul>\n<li>Gestion des comptes utilisateurs<\/li>\n<li>R\u00e9ponse aux demandes de contact et de renseignements<\/li>\n<li>Envoi de newsletters et d\u2019offres commerciales<\/li>\n<\/ul>\n<p>La collecte de donn\u00e9es personnelles repose sur diff\u00e9rentes bases l\u00e9gales selon les finalit\u00e9s poursuivies, notamment le consentement de l\u2019utilisateur, l\u2019ex\u00e9cution d\u2019un contrat ou l\u2019int\u00e9r\u00eat l\u00e9gitime de la SARL Landau.<\/p>\n<p>Les donn\u00e9es personnelles sont conserv\u00e9es pendant une dur\u00e9e n\u00e9cessaire \u00e0 l\u2019accomplissement des finalit\u00e9s pour lesquelles elles ont \u00e9t\u00e9 collect\u00e9es.<\/p>\n<p>Les destinataires des donn\u00e9es personnelles sont les personnes habilit\u00e9es de la SARL Landau en charge de la gestion du site et de la relation avec les utilisateurs. Les donn\u00e9es personnelles ne sont pas transf\u00e9r\u00e9es en dehors de l\u2019Union Europ\u00e9enne.<\/p>\n<h2>Cookies<\/h2>\n<p>Le site internet de Landau utilise des cookies pour am\u00e9liorer l\u2019exp\u00e9rience utilisateur et faciliter la navigation sur le site.<\/p>\n<p>Un cookie est un fichier texte stock\u00e9 sur le disque dur de l\u2019utilisateur par le serveur du site internet. Il permet de reconna\u00eetre l\u2019utilisateur lors de ses visites ult\u00e9rieures sur le site.<\/p>\n<p>Les cookies utilis\u00e9s sur le site de Landau sont des cookies de mesure d\u2019audience, qui permettent de collecter des donn\u00e9es statistiques sur l\u2019utilisation du site. Les donn\u00e9es collect\u00e9es sont anonymes et ne permettent pas l\u2019identification de l\u2019utilisateur.<\/p>\n<p>Vous pouvez refuser l\u2019utilisation des cookies en modifiant les param\u00e8tres de votre navigateur. Cependant, cela peut affecter le fonctionnement du site et r\u00e9duire la qualit\u00e9 de l\u2019exp\u00e9rience utilisateur.<\/p>\n<h2>Droits des utilisateurs<\/h2>\n<p>Conform\u00e9ment \u00e0 la loi Informatique et Libert\u00e9s du 6 janvier 1978 modifi\u00e9e et au R\u00e8glement g\u00e9n\u00e9ral sur la protection des donn\u00e9es (RGPD), vous disposez d\u2019un droit d\u2019acc\u00e8s, de rectification et de suppression des donn\u00e9es vous concernant. Vous pouvez exercer ces droits en nous contactant par e-mail \u00e0 l\u2019adresse <a href=\"mailto:contact@mathiaslandau.com\">contact@mathiaslandau.com<\/a> ou par courrier \u00e0 l\u2019adresse suivante : Landau, 123 Rue du Commerce, 75015 Paris, France.<\/p>\n<p>Vous disposez \u00e9galement d\u2019un droit d\u2019opposition, de limitation du traitement et de portabilit\u00e9 des donn\u00e9es dans les conditions pr\u00e9vues par la loi.<\/p>\n<h2>S\u00e9curit\u00e9 des donn\u00e9es<\/h2>\n<p>Nous mettons en \u0153uvre des mesures de s\u00e9curit\u00e9 techniques et organisationnelles appropri\u00e9es pour garantir la s\u00e9curit\u00e9 et la confidentialit\u00e9 de vos donn\u00e9es personnelles.<\/p>\n<p>Nous utilisons notamment des protocoles de s\u00e9curit\u00e9 SSL pour garantir la s\u00e9curit\u00e9 des transferts de donn\u00e9es.<\/p>\n<p>Nous limitons l\u2019acc\u00e8s aux donn\u00e9es personnelles aux personnes habilit\u00e9es et form\u00e9es<\/p>\n<p>\u00e0 la gestion de ces donn\u00e9es. Nous sommes conscients des risques li\u00e9s \u00e0 la collecte, au traitement et \u00e0 la conservation des donn\u00e9es personnelles et nous faisons tout notre possible pour garantir leur s\u00e9curit\u00e9.<\/p>\n<h2>Modifications de la politique de confidentialit\u00e9<\/h2>\n<p>La SARL Landau se r\u00e9serve le droit de modifier la pr\u00e9sente politique de confidentialit\u00e9 \u00e0 tout moment et sans pr\u00e9avis.<\/p>\n<p>Toute modification de la politique de confidentialit\u00e9 sera publi\u00e9e sur le site internet de Landau. Il est recommand\u00e9 de consulter r\u00e9guli\u00e8rement la politique de confidentialit\u00e9 pour \u00eatre inform\u00e9 des \u00e9ventuelles modifications.<\/p>\n<h2>Contact<\/h2>\n<p>Pour contacter la SARL Landau concernant la politique de confidentialit\u00e9, vous pouvez utiliser le formulaire de contact disponible sur le site internet ou nous \u00e9crire \u00e0 l\u2019adresse postale suivante :<\/p>\n<p>Mathias Landau<br \/>\n123 Rue du Commerce<br \/>\n75015 Paris<br \/>\nFrance<\/p>\n<p>Nous vous r\u00e9pondrons dans les meilleurs d\u00e9lais possibles.<\/p>\n<\/div><\/div><\/div><\/div><\/div><\/div><script id=\"script-row-unique-1\" data-row=\"script-row-unique-1\" type=\"text\/javascript\" class=\"vc_controls\">UNCODE.initRow(document.getElementById(\"row-unique-1\"));<\/script><\/div><\/div><\/div>\n<\/div>","protected":false},"excerpt":{"rendered":"Conditions G\u00e9n\u00e9rales d'UtilisationCollecte et utilisation des donn\u00e9es personnelles La SARL Landau est soucieuse de la protection des donn\u00e9es personnelles de [...]","protected":false},"author":1,"featured_media":0,"parent":0,"menu_order":0,"comment_status":"closed","ping_status":"closed","template":"","meta":{"om_disable_all_campaigns":false,"_monsterinsights_skip_tracking":false,"_monsterinsights_sitenote_active":false,"_monsterinsights_sitenote_note":"","_monsterinsights_sitenote_category":0,"footnotes":""},"class_list":["post-118432","page","type-page","status-publish","hentry"],"yoast_head":"<!-- This site is optimized with the Yoast SEO plugin v27.3 - https:\/\/yoast.com\/product\/yoast-seo-wordpress\/ -->\n<title>Politique de confidentialit\u00e9 - Mathias Landau<\/title>\n<meta name=\"robots\" content=\"index, follow, max-snippet:-1, max-image-preview:large, max-video-preview:-1\" \/>\n<link rel=\"canonical\" href=\"https:\/\/mathiaslandau.com\/en\/politique-de-confidentialite-2\/\" \/>\n<meta property=\"og:locale\" content=\"en_US\" \/>\n<meta property=\"og:type\" content=\"article\" \/>\n<meta property=\"og:title\" content=\"Politique de confidentialit\u00e9 - Mathias Landau\" \/>\n<meta property=\"og:url\" content=\"https:\/\/mathiaslandau.com\/en\/politique-de-confidentialite-2\/\" \/>\n<meta property=\"og:site_name\" content=\"Mathias Landau\" \/>\n<meta name=\"twitter:card\" content=\"summary_large_image\" \/>\n<meta name=\"twitter:label1\" content=\"Est. reading time\" \/>\n\t<meta name=\"twitter:data1\" content=\"4 minutes\" \/>\n<script type=\"application\/ld+json\" class=\"yoast-schema-graph\">{\"@context\":\"https:\\\/\\\/schema.org\",\"@graph\":[{\"@type\":\"WebPage\",\"@id\":\"https:\\\/\\\/mathiaslandau.com\\\/politique-de-confidentialite-2\\\/\",\"url\":\"https:\\\/\\\/mathiaslandau.com\\\/politique-de-confidentialite-2\\\/\",\"name\":\"Politique de confidentialit\u00e9 - Mathias Landau\",\"isPartOf\":{\"@id\":\"https:\\\/\\\/mathiaslandau.com\\\/#website\"},\"datePublished\":\"2023-05-08T06:44:14+00:00\",\"breadcrumb\":{\"@id\":\"https:\\\/\\\/mathiaslandau.com\\\/politique-de-confidentialite-2\\\/#breadcrumb\"},\"inLanguage\":\"en-US\",\"potentialAction\":[{\"@type\":\"ReadAction\",\"target\":[\"https:\\\/\\\/mathiaslandau.com\\\/politique-de-confidentialite-2\\\/\"]}]},{\"@type\":\"BreadcrumbList\",\"@id\":\"https:\\\/\\\/mathiaslandau.com\\\/politique-de-confidentialite-2\\\/#breadcrumb\",\"itemListElement\":[{\"@type\":\"ListItem\",\"position\":1,\"name\":\"Accueil\",\"item\":\"https:\\\/\\\/mathiaslandau.com\\\/\"},{\"@type\":\"ListItem\",\"position\":2,\"name\":\"Politique de confidentialit\u00e9\"}]},{\"@type\":\"WebSite\",\"@id\":\"https:\\\/\\\/mathiaslandau.com\\\/#website\",\"url\":\"https:\\\/\\\/mathiaslandau.com\\\/\",\"name\":\"Mathias Landau\",\"description\":\"R\u00e9v\u00e9lez votre sensualit\u00e9\",\"publisher\":{\"@id\":\"https:\\\/\\\/mathiaslandau.com\\\/#organization\"},\"potentialAction\":[{\"@type\":\"SearchAction\",\"target\":{\"@type\":\"EntryPoint\",\"urlTemplate\":\"https:\\\/\\\/mathiaslandau.com\\\/?s={search_term_string}\"},\"query-input\":{\"@type\":\"PropertyValueSpecification\",\"valueRequired\":true,\"valueName\":\"search_term_string\"}}],\"inLanguage\":\"en-US\"},{\"@type\":\"Organization\",\"@id\":\"https:\\\/\\\/mathiaslandau.com\\\/#organization\",\"name\":\"Mathias Landau\",\"url\":\"https:\\\/\\\/mathiaslandau.com\\\/\",\"logo\":{\"@type\":\"ImageObject\",\"inLanguage\":\"en-US\",\"@id\":\"https:\\\/\\\/mathiaslandau.com\\\/#\\\/schema\\\/logo\\\/image\\\/\",\"url\":\"https:\\\/\\\/mathiaslandau.com\\\/wp-content\\\/uploads\\\/2023\\\/12\\\/Noir.svg\",\"contentUrl\":\"https:\\\/\\\/mathiaslandau.com\\\/wp-content\\\/uploads\\\/2023\\\/12\\\/Noir.svg\",\"width\":1,\"height\":1,\"caption\":\"Mathias Landau\"},\"image\":{\"@id\":\"https:\\\/\\\/mathiaslandau.com\\\/#\\\/schema\\\/logo\\\/image\\\/\"},\"sameAs\":[\"https:\\\/\\\/www.instagram.com\\\/landauofficial\\\/\"]}]}<\/script>\n<!-- \/ Yoast SEO plugin. -->","yoast_head_json":{"title":"Politique de confidentialit\u00e9 - Mathias Landau","robots":{"index":"index","follow":"follow","max-snippet":"max-snippet:-1","max-image-preview":"max-image-preview:large","max-video-preview":"max-video-preview:-1"},"canonical":"https:\/\/mathiaslandau.com\/en\/politique-de-confidentialite-2\/","og_locale":"en_US","og_type":"article","og_title":"Politique de confidentialit\u00e9 - Mathias Landau","og_url":"https:\/\/mathiaslandau.com\/en\/politique-de-confidentialite-2\/","og_site_name":"Mathias Landau","twitter_card":"summary_large_image","twitter_misc":{"Est. reading time":"4 minutes"},"schema":{"@context":"https:\/\/schema.org","@graph":[{"@type":"WebPage","@id":"https:\/\/mathiaslandau.com\/politique-de-confidentialite-2\/","url":"https:\/\/mathiaslandau.com\/politique-de-confidentialite-2\/","name":"Politique de confidentialit\u00e9 - Mathias Landau","isPartOf":{"@id":"https:\/\/mathiaslandau.com\/#website"},"datePublished":"2023-05-08T06:44:14+00:00","breadcrumb":{"@id":"https:\/\/mathiaslandau.com\/politique-de-confidentialite-2\/#breadcrumb"},"inLanguage":"en-US","potentialAction":[{"@type":"ReadAction","target":["https:\/\/mathiaslandau.com\/politique-de-confidentialite-2\/"]}]},{"@type":"BreadcrumbList","@id":"https:\/\/mathiaslandau.com\/politique-de-confidentialite-2\/#breadcrumb","itemListElement":[{"@type":"ListItem","position":1,"name":"Accueil","item":"https:\/\/mathiaslandau.com\/"},{"@type":"ListItem","position":2,"name":"Politique de confidentialit\u00e9"}]},{"@type":"WebSite","@id":"https:\/\/mathiaslandau.com\/#website","url":"https:\/\/mathiaslandau.com\/","name":"Mathias Landau","description":"R\u00e9v\u00e9lez votre sensualit\u00e9","publisher":{"@id":"https:\/\/mathiaslandau.com\/#organization"},"potentialAction":[{"@type":"SearchAction","target":{"@type":"EntryPoint","urlTemplate":"https:\/\/mathiaslandau.com\/?s={search_term_string}"},"query-input":{"@type":"PropertyValueSpecification","valueRequired":true,"valueName":"search_term_string"}}],"inLanguage":"en-US"},{"@type":"Organization","@id":"https:\/\/mathiaslandau.com\/#organization","name":"Mathias Landau","url":"https:\/\/mathiaslandau.com\/","logo":{"@type":"ImageObject","inLanguage":"en-US","@id":"https:\/\/mathiaslandau.com\/#\/schema\/logo\/image\/","url":"https:\/\/mathiaslandau.com\/wp-content\/uploads\/2023\/12\/Noir.svg","contentUrl":"https:\/\/mathiaslandau.com\/wp-content\/uploads\/2023\/12\/Noir.svg","width":1,"height":1,"caption":"Mathias Landau"},"image":{"@id":"https:\/\/mathiaslandau.com\/#\/schema\/logo\/image\/"},"sameAs":["https:\/\/www.instagram.com\/landauofficial\/"]}]}},"_links":{"self":[{"href":"https:\/\/mathiaslandau.com\/en\/wp-json\/wp\/v2\/pages\/118432","targetHints":{"allow":["GET"]}}],"collection":[{"href":"https:\/\/mathiaslandau.com\/en\/wp-json\/wp\/v2\/pages"}],"about":[{"href":"https:\/\/mathiaslandau.com\/en\/wp-json\/wp\/v2\/types\/page"}],"author":[{"embeddable":true,"href":"https:\/\/mathiaslandau.com\/en\/wp-json\/wp\/v2\/users\/1"}],"replies":[{"embeddable":true,"href":"https:\/\/mathiaslandau.com\/en\/wp-json\/wp\/v2\/comments?post=118432"}],"version-history":[{"count":2,"href":"https:\/\/mathiaslandau.com\/en\/wp-json\/wp\/v2\/pages\/118432\/revisions"}],"predecessor-version":[{"id":118434,"href":"https:\/\/mathiaslandau.com\/en\/wp-json\/wp\/v2\/pages\/118432\/revisions\/118434"}],"wp:attachment":[{"href":"https:\/\/mathiaslandau.com\/en\/wp-json\/wp\/v2\/media?parent=118432"}],"curies":[{"name":"wp","href":"https:\/\/api.w.org\/{rel}","templated":true}]}}