{"id":118916,"date":"2024-12-17T16:14:54","date_gmt":"2024-12-17T15:14:54","guid":{"rendered":"https:\/\/mathiaslandau.com\/?page_id=118916"},"modified":"2024-12-17T16:14:54","modified_gmt":"2024-12-17T15:14:54","slug":"accessoires","status":"publish","type":"page","link":"https:\/\/mathiaslandau.com\/en\/accessoires\/","title":{"rendered":"Accessories"},"content":{"rendered":"<div class=\"wpb-content-wrapper\"><div data-parent=\"true\" class=\"vc_row row-container\" id=\"row-unique-0\"><div class=\"row no-top-padding no-bottom-padding no-h-padding full-width row-parent\" data-height-ratio=\"25\"><div class=\"wpb_row row-inner\"><div class=\"wpb_column pos-middle pos-center align_center column_parent col-lg-12 single-internal-gutter\"><div class=\"uncol style-light\"  ><div class=\"uncoltable\"><div class=\"uncell no-block-padding\" ><div class=\"uncont\" ><div class=\"vc_custom_heading_wrap\"><div class=\"heading-text el-text\" ><h2 class=\"h1 text-uppercase\" ><span>Accessories<\/span><\/h2><\/div><div class=\"clear\"><\/div><\/div><\/div><\/div><\/div><\/div><\/div><script id=\"script-row-unique-0\" data-row=\"script-row-unique-0\" type=\"text\/javascript\" class=\"vc_controls\">UNCODE.initRow(document.getElementById(\"row-unique-0\"));<\/script><\/div><\/div><\/div><div data-parent=\"true\" class=\"vc_row ajax-filters row-container\" id=\"row-unique-1\"><div class=\"row double-top-padding double-bottom-padding triple-h-padding full-width row-parent\"><div class=\"wpb_row row-inner\"><div class=\"wpb_column pos-top pos-center align_left column_parent col-lg-12 single-internal-gutter\"><div class=\"uncol style-light animate_when_almost_visible alpha-anim\"  ><div class=\"uncoltable\"><div class=\"uncell no-block-padding\" ><div class=\"uncont\" ><div class=\"vc_row inverted-device-order row-internal row-container\"><div class=\"row col-double-gutter row-child\"><div class=\"wpb_row row-inner\"><div class=\"wpb_column pos-top pos-center align_left column_child col-lg-12 single-internal-gutter\"><div class=\"uncol style-light\" ><div class=\"uncoltable\"><div class=\"uncell no-block-padding\" ><div class=\"uncont\" ><div id=\"index-121107\" class=\"cssgrid-system cssgrid-general-light grid-general-light cssgrid-981814\" >\n\t\t\t\n\t\t\t\t\t\t\t\t\t\t\t\t\t\t<div class=\"cssgrid-wrapper grid-wrapper cssgrid-single-gutter\" >\t\t\t\t\t\t\t\t\t\t\t\t<div class=\"cssgrid-container grid-container cssgrid-layout cssgrid-equal-height cssgrid-pagination grid-pagination\" >\t\t\t<div class=\"tmb tmb-woocommerce enhanced-atc auto-width-atc atc-typography-inherit tmb-grid tmb-iso-h4 img-round img-round-xs tmb-light tmb-overlay-text-anim tmb-content-left tmb-show-secondary tmb-entry-title-capitalize  grid-cat-179 tmb-id-118745 tmb-img-ratio tmb-woocommerce-variable-product tmb-content-under tmb-media-first tmb-no-bg\" ><div class=\"t-inside no-anim\" ><div class=\"t-entry-visual\"><div class=\"t-entry-visual-tc\"><div class=\"t-entry-visual-cont\"><div class=\"dummy secondary-dummy-image\" style=\"padding-top: 100%;background-image:url(https:\/\/mathiaslandau.com\/wp-content\/uploads\/2024\/12\/Mathias-Landau-Produit-9-uai-1536x1536.png);\"><\/div><a role=\"button\" tabindex=\"-1\" href=\"https:\/\/mathiaslandau.com\/en\/la-collection\/bustier-a-fermeture-eclair-en-elastique-satine\/\" class=\"pushed\" target=\"_self\" data-lb-index=\"0\"><div class=\"t-entry-visual-overlay\"><div class=\"t-entry-visual-overlay-in style-dark-bg\" style=\"opacity: 0.5;\"><\/div><\/div><img decoding=\"async\" class=\"has-secondary-featured-image wp-image-118784\" src=\"https:\/\/mathiaslandau.com\/wp-content\/uploads\/2024\/12\/Mathias-Landau-Shooting-Produit-3_Front-uai-2048x2048.jpg\" width=\"2048\" height=\"2048\" alt=\"\" \/><\/a><div class=\"quick-view-button-overlay icon-badge\"><a href=\"#\" class=\"open-unmodal quick-view-button\" data-post-type=\"product\" data-post-id=\"118745\" data-post-url=\"https:\/\/mathiaslandau.com\/en\/la-collection\/bustier-a-fermeture-eclair-en-elastique-satine\/\" data-single-variation=\"\">Quick-View<\/a><\/div><\/div>\n\t\t\t\t\t<\/div>\n\t\t\t\t<\/div><div class=\"t-entry-text\">\n\t\t\t\t\t\t\t\t\t<div class=\"t-entry-text-tc half-block-padding\"><div class=\"t-entry\"><h3 class=\"t-entry-title h5 font-weight-500 title-scale\"><a href=\"https:\/\/mathiaslandau.com\/en\/la-collection\/bustier-a-fermeture-eclair-en-elastique-satine\/\" target=\"_self\">Zip-up bustier in satin elastic<\/a><\/h3><span class=\"price h5 font-weight-500 title-scale\"><ins class=\"h3\"><span class=\"woocommerce-Price-amount amount\"><bdi>160,00&nbsp;<span class=\"woocommerce-Price-currencySymbol\">&euro;<\/span><\/bdi><\/span><\/ins><\/span><div class=\"t-entry-excerpt text-small\"><p class=\"text-small\">Elegant bustier by Mathias Landau: satin elastic, modern cut, and exceptional comfort. A chic and versatile piece for all your occasions.\n<\/p><\/div><div class=\"t-entry-stars\">\n<\/div><div class=\"spacer spacer-one half-space\"><\/div><\/div><\/div>\n\t\t\t\t\t\t\t<\/div><\/div><\/div><div class=\"tmb tmb-woocommerce enhanced-atc auto-width-atc atc-typography-inherit tmb-grid tmb-iso-h4 img-round img-round-xs tmb-light tmb-overlay-text-anim tmb-content-left tmb-show-secondary tmb-entry-title-capitalize  grid-cat-179 tmb-id-118822 tmb-img-ratio tmb-woocommerce-variable-product tmb-content-under tmb-media-first tmb-no-bg\" ><div class=\"t-inside no-anim\" ><div class=\"t-entry-visual\"><div class=\"t-entry-visual-tc\"><div class=\"t-entry-visual-cont\"><div class=\"dummy secondary-dummy-image\" style=\"padding-top: 100%;background-image:url(https:\/\/mathiaslandau.com\/wp-content\/uploads\/2024\/12\/Mathias-Landau-Produit-3-uai-1536x1536.png);\"><\/div><a role=\"button\" tabindex=\"-1\" href=\"https:\/\/mathiaslandau.com\/en\/la-collection\/harnais-en-elastique-fin-satine\/\" class=\"pushed\" target=\"_self\" data-lb-index=\"1\"><div class=\"t-entry-visual-overlay\"><div class=\"t-entry-visual-overlay-in style-dark-bg\" style=\"opacity: 0.5;\"><\/div><\/div><img decoding=\"async\" class=\"has-secondary-featured-image wp-image-118793\" src=\"https:\/\/mathiaslandau.com\/wp-content\/uploads\/2024\/12\/Mathias-Landau-Shooting-Produit-7_Front-uai-2048x2048.jpg\" width=\"2048\" height=\"2048\" alt=\"\" \/><\/a><div class=\"quick-view-button-overlay icon-badge\"><a href=\"#\" class=\"open-unmodal quick-view-button\" data-post-type=\"product\" data-post-id=\"118822\" data-post-url=\"https:\/\/mathiaslandau.com\/en\/la-collection\/harnais-en-elastique-fin-satine\/\" data-single-variation=\"\">Quick-View<\/a><\/div><\/div>\n\t\t\t\t\t<\/div>\n\t\t\t\t<\/div><div class=\"t-entry-text\">\n\t\t\t\t\t\t\t\t\t<div class=\"t-entry-text-tc half-block-padding\"><div class=\"t-entry\"><h3 class=\"t-entry-title h5 font-weight-500 title-scale\"><a href=\"https:\/\/mathiaslandau.com\/en\/la-collection\/harnais-en-elastique-fin-satine\/\" target=\"_self\">Harness in fine satin elastic<\/a><\/h3><span class=\"price h5 font-weight-500 title-scale\"><ins class=\"h3\"><span class=\"woocommerce-Price-amount amount\"><bdi>140,00&nbsp;<span class=\"woocommerce-Price-currencySymbol\">&euro;<\/span><\/bdi><\/span><\/ins><\/span><div class=\"t-entry-excerpt text-small\"><p class=\"text-small\">Elegant satin elastic harness by Mathias Landau. Comfortable and modern, it adds a bold and refined touch to any outfit.\n<\/p><\/div><div class=\"t-entry-stars\">\n<\/div><div class=\"spacer spacer-one half-space\"><\/div><\/div><\/div>\n\t\t\t\t\t\t\t<\/div><\/div><\/div><div class=\"tmb tmb-woocommerce enhanced-atc auto-width-atc atc-typography-inherit tmb-grid tmb-iso-h4 img-round img-round-xs tmb-light tmb-overlay-text-anim tmb-content-left tmb-show-secondary tmb-entry-title-capitalize  grid-cat-179 tmb-id-118746 tmb-img-ratio tmb-woocommerce-variable-product tmb-content-under tmb-media-first tmb-no-bg\" ><div class=\"t-inside no-anim\" ><div class=\"t-entry-visual\"><div class=\"t-entry-visual-tc\"><div class=\"t-entry-visual-cont\"><div class=\"dummy secondary-dummy-image\" style=\"padding-top: 100%;background-image:url(https:\/\/mathiaslandau.com\/wp-content\/uploads\/2024\/12\/Mathias-Landau-Produit-13-uai-1536x1536.png);\"><\/div><a role=\"button\" tabindex=\"-1\" href=\"https:\/\/mathiaslandau.com\/en\/la-collection\/harnais-en-elastique-satine\/\" class=\"pushed\" target=\"_self\" data-lb-index=\"2\"><div class=\"t-entry-visual-overlay\"><div class=\"t-entry-visual-overlay-in style-dark-bg\" style=\"opacity: 0.5;\"><\/div><\/div><img decoding=\"async\" class=\"has-secondary-featured-image wp-image-118786\" src=\"https:\/\/mathiaslandau.com\/wp-content\/uploads\/2024\/12\/Mathias-Landau-Shooting-Produit-4_Front-scaled-uai-2072x2072.jpg\" width=\"2072\" height=\"2072\" alt=\"\" \/><\/a><div class=\"quick-view-button-overlay icon-badge\"><a href=\"#\" class=\"open-unmodal quick-view-button\" data-post-type=\"product\" data-post-id=\"118746\" data-post-url=\"https:\/\/mathiaslandau.com\/en\/la-collection\/harnais-en-elastique-satine\/\" data-single-variation=\"\">Quick-View<\/a><\/div><\/div>\n\t\t\t\t\t<\/div>\n\t\t\t\t<\/div><div class=\"t-entry-text\">\n\t\t\t\t\t\t\t\t\t<div class=\"t-entry-text-tc half-block-padding\"><div class=\"t-entry\"><h3 class=\"t-entry-title h5 font-weight-500 title-scale\"><a href=\"https:\/\/mathiaslandau.com\/en\/la-collection\/harnais-en-elastique-satine\/\" target=\"_self\">Satin elastic harness<\/a><\/h3><span class=\"price h5 font-weight-500 title-scale\"><ins class=\"h3\"><span class=\"woocommerce-Price-amount amount\"><bdi>155,00&nbsp;<span class=\"woocommerce-Price-currencySymbol\">&euro;<\/span><\/bdi><\/span><\/ins><\/span><div class=\"t-entry-excerpt text-small\"><p class=\"text-small\">Deluxe elegant satin elastic harness by Mathias Landau. Comfortable and modern, it brings a bold and refined touch to any outfit.\n<\/p><\/div><div class=\"t-entry-stars\">\n<\/div><div class=\"spacer spacer-one half-space\"><\/div><\/div><\/div>\n\t\t\t\t\t\t\t<\/div><\/div><\/div><div class=\"tmb tmb-woocommerce enhanced-atc auto-width-atc atc-typography-inherit tmb-grid tmb-iso-h4 img-round img-round-xs tmb-light tmb-overlay-text-anim tmb-content-left tmb-show-secondary tmb-entry-title-capitalize  grid-cat-179 tmb-id-118744 tmb-img-ratio tmb-woocommerce-variable-product tmb-content-under tmb-media-first tmb-no-bg\" ><div class=\"t-inside no-anim\" ><div class=\"t-entry-visual\"><div class=\"t-entry-visual-tc\"><div class=\"t-entry-visual-cont\"><div class=\"dummy secondary-dummy-image\" style=\"padding-top: 100%;background-image:url(https:\/\/mathiaslandau.com\/wp-content\/uploads\/2024\/12\/Mathias-Landau-Produit-7-uai-1536x1536.png);\"><\/div><a role=\"button\" tabindex=\"-1\" href=\"https:\/\/mathiaslandau.com\/en\/la-collection\/mitaines-en-elastique-satinees\/\" class=\"pushed\" target=\"_self\" data-lb-index=\"3\"><div class=\"t-entry-visual-overlay\"><div class=\"t-entry-visual-overlay-in style-dark-bg\" style=\"opacity: 0.5;\"><\/div><\/div><img decoding=\"async\" class=\"has-secondary-featured-image wp-image-118807\" src=\"https:\/\/mathiaslandau.com\/wp-content\/uploads\/2024\/12\/Mathias-Landau-Shooting-Produit-g2_Front-uai-2048x2048.jpg\" width=\"2048\" height=\"2048\" alt=\"\" \/><\/a><div class=\"quick-view-button-overlay icon-badge\"><a href=\"#\" class=\"open-unmodal quick-view-button\" data-post-type=\"product\" data-post-id=\"118744\" data-post-url=\"https:\/\/mathiaslandau.com\/en\/la-collection\/mitaines-en-elastique-satinees\/\" data-single-variation=\"\">Quick-View<\/a><\/div><\/div>\n\t\t\t\t\t<\/div>\n\t\t\t\t<\/div><div class=\"t-entry-text\">\n\t\t\t\t\t\t\t\t\t<div class=\"t-entry-text-tc half-block-padding\"><div class=\"t-entry\"><h3 class=\"t-entry-title h5 font-weight-500 title-scale\"><a href=\"https:\/\/mathiaslandau.com\/en\/la-collection\/mitaines-en-elastique-satinees\/\" target=\"_self\">Satin elastic mittens<\/a><\/h3><span class=\"price h5 font-weight-500 title-scale\"><ins class=\"h3\"><span class=\"woocommerce-Price-amount amount\"><bdi>135,00&nbsp;<span class=\"woocommerce-Price-currencySymbol\">&euro;<\/span><\/bdi><\/span><\/ins><\/span><div class=\"t-entry-excerpt text-small\"><p class=\"text-small\">Satin mittens by Mathias Landau: elegance and comfort to enhance your hands. A versatile and glamorous accessory for any outfit.\n<\/p><\/div><div class=\"t-entry-stars\">\n<\/div><div class=\"spacer spacer-one half-space\"><\/div><\/div><\/div>\n\t\t\t\t\t\t\t<\/div><\/div><\/div><div class=\"tmb tmb-woocommerce enhanced-atc auto-width-atc atc-typography-inherit tmb-grid tmb-iso-h4 img-round img-round-xs tmb-light tmb-overlay-text-anim tmb-content-left tmb-show-secondary tmb-entry-title-capitalize  grid-cat-179 tmb-id-118827 tmb-img-ratio tmb-woocommerce-variable-product tmb-content-under tmb-media-first tmb-no-bg\" ><div class=\"t-inside no-anim\" ><div class=\"t-entry-visual\"><div class=\"t-entry-visual-tc\"><div class=\"t-entry-visual-cont\"><div class=\"dummy secondary-dummy-image\" style=\"padding-top: 100%;background-image:url(https:\/\/mathiaslandau.com\/wp-content\/uploads\/2024\/12\/Mathias-Landau-Produit-20-uai-1536x1536.png);\"><\/div><a role=\"button\" tabindex=\"-1\" href=\"https:\/\/mathiaslandau.com\/en\/la-collection\/robe-en-chaine\/\" class=\"pushed\" target=\"_self\" data-lb-index=\"4\"><div class=\"t-entry-visual-overlay\"><div class=\"t-entry-visual-overlay-in style-dark-bg\" style=\"opacity: 0.5;\"><\/div><\/div><img decoding=\"async\" class=\"has-secondary-featured-image wp-image-118805\" src=\"https:\/\/mathiaslandau.com\/wp-content\/uploads\/2024\/12\/Mathias-Landau-Shooting-Produit-11_Front-uai-2048x2048.jpg\" width=\"2048\" height=\"2048\" alt=\"\" \/><\/a><div class=\"quick-view-button-overlay icon-badge\"><a href=\"#\" class=\"open-unmodal quick-view-button\" data-post-type=\"product\" data-post-id=\"118827\" data-post-url=\"https:\/\/mathiaslandau.com\/en\/la-collection\/robe-en-chaine\/\" data-single-variation=\"\">Quick-View<\/a><\/div><\/div>\n\t\t\t\t\t<\/div>\n\t\t\t\t<\/div><div class=\"t-entry-text\">\n\t\t\t\t\t\t\t\t\t<div class=\"t-entry-text-tc half-block-padding\"><div class=\"t-entry\"><h3 class=\"t-entry-title h5 font-weight-500 title-scale\"><a href=\"https:\/\/mathiaslandau.com\/en\/la-collection\/robe-en-chaine\/\" target=\"_self\">Chain dress<\/a><\/h3><span class=\"price h5 font-weight-500 title-scale\"><ins class=\"h3\"><span class=\"woocommerce-Price-amount amount\"><bdi>1 950,00&nbsp;<span class=\"woocommerce-Price-currencySymbol\">&euro;<\/span><\/bdi><\/span><\/ins><\/span><div class=\"t-entry-excerpt text-small\"><p class=\"text-small\">Custom chain dress: adaptable design, versatility, and bold style. Perfectly crafted to flatter all body types with elegance.\n<\/p><\/div><div class=\"t-entry-stars\">\n<\/div><div class=\"spacer spacer-one half-space\"><\/div><\/div><\/div>\n\t\t\t\t\t\t\t<\/div><\/div><\/div><div class=\"tmb tmb-woocommerce enhanced-atc auto-width-atc atc-typography-inherit tmb-grid tmb-iso-h4 img-round img-round-xs tmb-light tmb-overlay-text-anim tmb-content-left tmb-show-secondary tmb-entry-title-capitalize  grid-cat-179 tmb-id-118747 tmb-img-ratio tmb-woocommerce-variable-product tmb-content-under tmb-media-first tmb-no-bg\" ><div class=\"t-inside no-anim\" ><div class=\"t-entry-visual\"><div class=\"t-entry-visual-tc\"><div class=\"t-entry-visual-cont\"><div class=\"dummy secondary-dummy-image\" style=\"padding-top: 100%;background-image:url(https:\/\/mathiaslandau.com\/wp-content\/uploads\/2024\/12\/Mathias-Landau-Produit-15-uai-1536x1536.png);\"><\/div><a role=\"button\" tabindex=\"-1\" href=\"https:\/\/mathiaslandau.com\/en\/la-collection\/soutien-gorge-en-chaine\/\" class=\"pushed\" target=\"_self\" data-lb-index=\"5\"><div class=\"t-entry-visual-overlay\"><div class=\"t-entry-visual-overlay-in style-dark-bg\" style=\"opacity: 0.5;\"><\/div><\/div><img decoding=\"async\" class=\"has-secondary-featured-image wp-image-118782\" src=\"https:\/\/mathiaslandau.com\/wp-content\/uploads\/2024\/12\/Mathias-Landau-Shooting-Produit-2_Front-uai-2048x2048.jpg\" width=\"2048\" height=\"2048\" alt=\"\" \/><\/a><div class=\"quick-view-button-overlay icon-badge\"><a href=\"#\" class=\"open-unmodal quick-view-button\" data-post-type=\"product\" data-post-id=\"118747\" data-post-url=\"https:\/\/mathiaslandau.com\/en\/la-collection\/soutien-gorge-en-chaine\/\" data-single-variation=\"\">Quick-View<\/a><\/div><\/div>\n\t\t\t\t\t<\/div>\n\t\t\t\t<\/div><div class=\"t-entry-text\">\n\t\t\t\t\t\t\t\t\t<div class=\"t-entry-text-tc half-block-padding\"><div class=\"t-entry\"><h3 class=\"t-entry-title h5 font-weight-500 title-scale\"><a href=\"https:\/\/mathiaslandau.com\/en\/la-collection\/soutien-gorge-en-chaine\/\" target=\"_self\">Chain bra<\/a><\/h3><span class=\"price h5 font-weight-500 title-scale\"><ins class=\"h3\"><span class=\"woocommerce-Price-amount amount\"><bdi>90,00&nbsp;<span class=\"woocommerce-Price-currencySymbol\">&euro;<\/span><\/bdi><\/span><\/ins><\/span><div class=\"t-entry-excerpt text-small\"><p class=\"text-small\">Chain bra by Mathias Landau: a bold and elegant body jewel designed to elevate your outfits and draw every eye.\n<\/p><\/div><div class=\"t-entry-stars\">\n<\/div><div class=\"spacer spacer-one half-space\"><\/div><\/div><\/div>\n\t\t\t\t\t\t\t<\/div><\/div><\/div>\t\t<\/div>\t\n\t\n\n\t<\/div>\t\t\t<div class=\"cssgrid-footer grid-footer style-light without-bg single-gutter\">\n\t\t\t\t\t<\/div>\n\t\t\t\t<\/div>\n<\/div><\/div><\/div><\/div><\/div><\/div><\/div><\/div><\/div><\/div><\/div><\/div><\/div><script id=\"script-row-unique-1\" data-row=\"script-row-unique-1\" type=\"text\/javascript\" class=\"vc_controls\">UNCODE.initRow(document.getElementById(\"row-unique-1\"));<\/script><\/div><\/div><\/div>\n<\/div>","protected":false},"excerpt":{"rendered":"Ce soutien-gorge en cha\u00eene se distingue comme une pi\u00e8ce unique qui attire les regards et sublime votre silhouette. Con\u00e7u comme [...]","protected":false},"author":1,"featured_media":0,"parent":0,"menu_order":0,"comment_status":"closed","ping_status":"closed","template":"","meta":{"om_disable_all_campaigns":false,"_monsterinsights_skip_tracking":false,"_monsterinsights_sitenote_active":false,"_monsterinsights_sitenote_note":"","_monsterinsights_sitenote_category":0,"footnotes":""},"class_list":["post-118916","page","type-page","status-publish","hentry"],"yoast_head":"<!-- This site is optimized with the Yoast SEO plugin v27.3 - https:\/\/yoast.com\/product\/yoast-seo-wordpress\/ -->\n<title>Accessoires - Mathias Landau<\/title>\n<meta name=\"robots\" content=\"index, follow, max-snippet:-1, max-image-preview:large, max-video-preview:-1\" \/>\n<link rel=\"canonical\" href=\"https:\/\/mathiaslandau.com\/en\/accessoires\/\" \/>\n<meta property=\"og:locale\" content=\"en_US\" \/>\n<meta property=\"og:type\" content=\"article\" \/>\n<meta property=\"og:title\" content=\"Accessoires - Mathias Landau\" \/>\n<meta property=\"og:url\" content=\"https:\/\/mathiaslandau.com\/en\/accessoires\/\" \/>\n<meta property=\"og:site_name\" content=\"Mathias Landau\" \/>\n<meta name=\"twitter:card\" content=\"summary_large_image\" \/>\n<meta name=\"twitter:label1\" content=\"Est. reading time\" \/>\n\t<meta name=\"twitter:data1\" content=\"1 minute\" \/>\n<script type=\"application\/ld+json\" class=\"yoast-schema-graph\">{\"@context\":\"https:\\\/\\\/schema.org\",\"@graph\":[{\"@type\":\"WebPage\",\"@id\":\"https:\\\/\\\/mathiaslandau.com\\\/accessoires\\\/\",\"url\":\"https:\\\/\\\/mathiaslandau.com\\\/accessoires\\\/\",\"name\":\"Accessoires - Mathias Landau\",\"isPartOf\":{\"@id\":\"https:\\\/\\\/mathiaslandau.com\\\/#website\"},\"datePublished\":\"2024-12-17T15:14:54+00:00\",\"breadcrumb\":{\"@id\":\"https:\\\/\\\/mathiaslandau.com\\\/accessoires\\\/#breadcrumb\"},\"inLanguage\":\"en-US\",\"potentialAction\":[{\"@type\":\"ReadAction\",\"target\":[\"https:\\\/\\\/mathiaslandau.com\\\/accessoires\\\/\"]}]},{\"@type\":\"BreadcrumbList\",\"@id\":\"https:\\\/\\\/mathiaslandau.com\\\/accessoires\\\/#breadcrumb\",\"itemListElement\":[{\"@type\":\"ListItem\",\"position\":1,\"name\":\"Accueil\",\"item\":\"https:\\\/\\\/mathiaslandau.com\\\/\"},{\"@type\":\"ListItem\",\"position\":2,\"name\":\"Accessoires\"}]},{\"@type\":\"WebSite\",\"@id\":\"https:\\\/\\\/mathiaslandau.com\\\/#website\",\"url\":\"https:\\\/\\\/mathiaslandau.com\\\/\",\"name\":\"Mathias Landau\",\"description\":\"R\u00e9v\u00e9lez votre sensualit\u00e9\",\"publisher\":{\"@id\":\"https:\\\/\\\/mathiaslandau.com\\\/#organization\"},\"potentialAction\":[{\"@type\":\"SearchAction\",\"target\":{\"@type\":\"EntryPoint\",\"urlTemplate\":\"https:\\\/\\\/mathiaslandau.com\\\/?s={search_term_string}\"},\"query-input\":{\"@type\":\"PropertyValueSpecification\",\"valueRequired\":true,\"valueName\":\"search_term_string\"}}],\"inLanguage\":\"en-US\"},{\"@type\":\"Organization\",\"@id\":\"https:\\\/\\\/mathiaslandau.com\\\/#organization\",\"name\":\"Mathias Landau\",\"url\":\"https:\\\/\\\/mathiaslandau.com\\\/\",\"logo\":{\"@type\":\"ImageObject\",\"inLanguage\":\"en-US\",\"@id\":\"https:\\\/\\\/mathiaslandau.com\\\/#\\\/schema\\\/logo\\\/image\\\/\",\"url\":\"https:\\\/\\\/mathiaslandau.com\\\/wp-content\\\/uploads\\\/2023\\\/12\\\/Noir.svg\",\"contentUrl\":\"https:\\\/\\\/mathiaslandau.com\\\/wp-content\\\/uploads\\\/2023\\\/12\\\/Noir.svg\",\"width\":1,\"height\":1,\"caption\":\"Mathias Landau\"},\"image\":{\"@id\":\"https:\\\/\\\/mathiaslandau.com\\\/#\\\/schema\\\/logo\\\/image\\\/\"},\"sameAs\":[\"https:\\\/\\\/www.instagram.com\\\/landauofficial\\\/\"]}]}<\/script>\n<!-- \/ Yoast SEO plugin. -->","yoast_head_json":{"title":"Accessoires - Mathias Landau","robots":{"index":"index","follow":"follow","max-snippet":"max-snippet:-1","max-image-preview":"max-image-preview:large","max-video-preview":"max-video-preview:-1"},"canonical":"https:\/\/mathiaslandau.com\/en\/accessoires\/","og_locale":"en_US","og_type":"article","og_title":"Accessoires - Mathias Landau","og_url":"https:\/\/mathiaslandau.com\/en\/accessoires\/","og_site_name":"Mathias Landau","twitter_card":"summary_large_image","twitter_misc":{"Est. reading time":"1 minute"},"schema":{"@context":"https:\/\/schema.org","@graph":[{"@type":"WebPage","@id":"https:\/\/mathiaslandau.com\/accessoires\/","url":"https:\/\/mathiaslandau.com\/accessoires\/","name":"Accessoires - Mathias Landau","isPartOf":{"@id":"https:\/\/mathiaslandau.com\/#website"},"datePublished":"2024-12-17T15:14:54+00:00","breadcrumb":{"@id":"https:\/\/mathiaslandau.com\/accessoires\/#breadcrumb"},"inLanguage":"en-US","potentialAction":[{"@type":"ReadAction","target":["https:\/\/mathiaslandau.com\/accessoires\/"]}]},{"@type":"BreadcrumbList","@id":"https:\/\/mathiaslandau.com\/accessoires\/#breadcrumb","itemListElement":[{"@type":"ListItem","position":1,"name":"Accueil","item":"https:\/\/mathiaslandau.com\/"},{"@type":"ListItem","position":2,"name":"Accessoires"}]},{"@type":"WebSite","@id":"https:\/\/mathiaslandau.com\/#website","url":"https:\/\/mathiaslandau.com\/","name":"Mathias Landau","description":"R\u00e9v\u00e9lez votre sensualit\u00e9","publisher":{"@id":"https:\/\/mathiaslandau.com\/#organization"},"potentialAction":[{"@type":"SearchAction","target":{"@type":"EntryPoint","urlTemplate":"https:\/\/mathiaslandau.com\/?s={search_term_string}"},"query-input":{"@type":"PropertyValueSpecification","valueRequired":true,"valueName":"search_term_string"}}],"inLanguage":"en-US"},{"@type":"Organization","@id":"https:\/\/mathiaslandau.com\/#organization","name":"Mathias Landau","url":"https:\/\/mathiaslandau.com\/","logo":{"@type":"ImageObject","inLanguage":"en-US","@id":"https:\/\/mathiaslandau.com\/#\/schema\/logo\/image\/","url":"https:\/\/mathiaslandau.com\/wp-content\/uploads\/2023\/12\/Noir.svg","contentUrl":"https:\/\/mathiaslandau.com\/wp-content\/uploads\/2023\/12\/Noir.svg","width":1,"height":1,"caption":"Mathias Landau"},"image":{"@id":"https:\/\/mathiaslandau.com\/#\/schema\/logo\/image\/"},"sameAs":["https:\/\/www.instagram.com\/landauofficial\/"]}]}},"_links":{"self":[{"href":"https:\/\/mathiaslandau.com\/en\/wp-json\/wp\/v2\/pages\/118916","targetHints":{"allow":["GET"]}}],"collection":[{"href":"https:\/\/mathiaslandau.com\/en\/wp-json\/wp\/v2\/pages"}],"about":[{"href":"https:\/\/mathiaslandau.com\/en\/wp-json\/wp\/v2\/types\/page"}],"author":[{"embeddable":true,"href":"https:\/\/mathiaslandau.com\/en\/wp-json\/wp\/v2\/users\/1"}],"replies":[{"embeddable":true,"href":"https:\/\/mathiaslandau.com\/en\/wp-json\/wp\/v2\/comments?post=118916"}],"version-history":[{"count":1,"href":"https:\/\/mathiaslandau.com\/en\/wp-json\/wp\/v2\/pages\/118916\/revisions"}],"predecessor-version":[{"id":118917,"href":"https:\/\/mathiaslandau.com\/en\/wp-json\/wp\/v2\/pages\/118916\/revisions\/118917"}],"wp:attachment":[{"href":"https:\/\/mathiaslandau.com\/en\/wp-json\/wp\/v2\/media?parent=118916"}],"curies":[{"name":"wp","href":"https:\/\/api.w.org\/{rel}","templated":true}]}}