{"id":22170,"date":"2015-06-11T16:02:34","date_gmt":"2015-06-11T14:02:34","guid":{"rendered":"https:\/\/undsgn.com\/uncode\/?page_id=22170"},"modified":"2023-01-04T12:39:57","modified_gmt":"2023-01-04T11:39:57","slug":"maintenance-mode","status":"publish","type":"page","link":"https:\/\/mathiaslandau.com\/en\/maintenance-mode\/","title":{"rendered":"Maintenance Mode"},"content":{"rendered":"<div class=\"wpb-content-wrapper\"><div data-parent=\"true\" class=\"vc_row style-color-nhtu-bg row-container\" id=\"row-unique-0\"><div class=\"row unequal no-top-padding no-bottom-padding no-h-padding full-width row-parent\" data-height-ratio=\"full\"><div class=\"wpb_row row-inner\"><div class=\"wpb_column pos-top pos-center align_left column_parent col-lg-12 single-internal-gutter\"><div class=\"uncol style-dark unexpand\"  ><div class=\"uncoltable\"><div class=\"uncell no-block-padding\" ><div class=\"uncont\" ><div class=\"vc_row row-internal row-container\"><div class=\"row unequal col-no-gutter row-child\"><div class=\"wpb_row row-inner\"><div class=\"wpb_column pos-middle pos-center align_left column_child col-lg-6 single-internal-gutter\"><div class=\"uncol style-light font-175345\" ><div class=\"uncoltable\"><div class=\"uncell double-block-padding style-color-xsdn-bg\" ><div class=\"uncont\" style=\" max-width:456px;\" ><div class=\"vc_custom_heading_wrap\"><div class=\"heading-text el-text\" ><h6 class=\"fontsize-160000 fontspace-210350 text-accent-color text-uppercase\" ><span>Nous revenons rapidement<\/span><\/h6><\/div><div class=\"clear\"><\/div><\/div><div class=\"vc_custom_heading_wrap\"><div class=\"heading-text el-text\" ><h2 class=\"font-175345 fontsize-155944 fontspace-781688 font-weight-600\" ><span>Votre site MathiasLandau.com revient bient\u00f4t !<\/span><\/h2><div class=\"text-lead\"><p>Nous sommes en train de vous pr\u00e9parer le plus beau site pour que vous en profitiez au mieux.<\/p>\n<\/div><\/div><div class=\"clear\"><\/div><\/div><div class=\"vc_progress_bar wpb_content_element\" ><div class=\"vc_progress_label\" >Progression de la mise \u00e0 jour<small class=\"vc_label\"> <span class=\"vc_label_units\"><span class=\"vc_progress_value\">45<\/span><span class=\"vc_progress_unit\">%<\/span><\/span><\/small><\/div><div class=\"vc_single_bar\" ><span class=\"vc_bar style-accent-bg\" data-percentage-value=\"45\" data-value=\"45\" ><\/span><\/div><\/div><\/div><\/div><\/div><\/div><\/div><div class=\"wpb_column pos-top pos-center align_left column_child col-lg-6 single-internal-gutter\"><div class=\"uncol style-light unexpand\" ><div class=\"uncoltable\" style=\"min-height: 300px;\"><div class=\"uncell single-block-padding style-color-wayh-bg\" ><div class=\"column-background background-element\">\n\t\t\t\t\t\t\t\t\t\t\t<div class=\"background-wrapper\">\n\t\t\t\t\t\t\t\t\t\t\t\t<div class=\"background-inner\" style=\"background-image: url(https:\/\/mathiaslandau.com\/wp-content\/uploads\/2023\/01\/WhatsApp-Image-2023-01-04-at-13.37.24.jpeg);background-repeat: no-repeat;background-position: center center;background-size: cover;\" data-o_src=\"https:\/\/mathiaslandau.com\/wp-content\/uploads\/2023\/01\/WhatsApp-Image-2023-01-04-at-13.37.24.jpeg\"><\/div>\n\t\t\t\t\t\t\t\t\t\t\t\t\n\t\t\t\t\t\t\t\t\t\t\t<\/div>\n\t\t\t\t\t\t\t\t\t\t<\/div><div class=\"uncont\" ><\/div><\/div><\/div><\/div><\/div><\/div><\/div><\/div><\/div><\/div><\/div><\/div><\/div><script id=\"script-row-unique-0\" data-row=\"script-row-unique-0\" type=\"text\/javascript\" class=\"vc_controls\">UNCODE.initRow(document.getElementById(\"row-unique-0\"));<\/script><\/div><\/div><\/div>\n<\/div>","protected":false},"excerpt":{"rendered":"Nous revenons rapidementVotre site MathiasLandau.com revient bient\u00f4t !Nous sommes en train de vous pr\u00e9parer le plus beau site pour que [...]","protected":false},"author":1,"featured_media":0,"parent":0,"menu_order":0,"comment_status":"open","ping_status":"open","template":"","meta":{"om_disable_all_campaigns":false,"_monsterinsights_skip_tracking":false,"_monsterinsights_sitenote_active":false,"_monsterinsights_sitenote_note":"","_monsterinsights_sitenote_category":0,"footnotes":""},"class_list":["post-22170","page","type-page","status-publish","hentry"],"yoast_head":"<!-- This site is optimized with the Yoast SEO plugin v27.5 - https:\/\/yoast.com\/product\/yoast-seo-wordpress\/ -->\n<title>Maintenance Mode - Mathias Landau<\/title>\n<meta name=\"robots\" content=\"index, follow, max-snippet:-1, max-image-preview:large, max-video-preview:-1\" \/>\n<link rel=\"canonical\" href=\"https:\/\/mathiaslandau.com\/en\/maintenance-mode\/\" \/>\n<meta property=\"og:locale\" content=\"en_US\" \/>\n<meta property=\"og:type\" content=\"article\" \/>\n<meta property=\"og:title\" content=\"Maintenance Mode - Mathias Landau\" \/>\n<meta property=\"og:url\" content=\"https:\/\/mathiaslandau.com\/en\/maintenance-mode\/\" \/>\n<meta property=\"og:site_name\" content=\"Mathias Landau\" \/>\n<meta property=\"article:modified_time\" content=\"2023-01-04T11:39:57+00:00\" \/>\n<meta name=\"twitter:card\" content=\"summary_large_image\" \/>\n<meta name=\"twitter:label1\" content=\"Est. reading time\" \/>\n\t<meta name=\"twitter:data1\" content=\"2 minutes\" \/>\n<script type=\"application\/ld+json\" class=\"yoast-schema-graph\">{\"@context\":\"https:\\\/\\\/schema.org\",\"@graph\":[{\"@type\":\"WebPage\",\"@id\":\"https:\\\/\\\/mathiaslandau.com\\\/maintenance-mode\\\/\",\"url\":\"https:\\\/\\\/mathiaslandau.com\\\/maintenance-mode\\\/\",\"name\":\"Maintenance Mode - Mathias Landau\",\"isPartOf\":{\"@id\":\"https:\\\/\\\/mathiaslandau.com\\\/#website\"},\"datePublished\":\"2015-06-11T14:02:34+00:00\",\"dateModified\":\"2023-01-04T11:39:57+00:00\",\"breadcrumb\":{\"@id\":\"https:\\\/\\\/mathiaslandau.com\\\/maintenance-mode\\\/#breadcrumb\"},\"inLanguage\":\"en-US\",\"potentialAction\":[{\"@type\":\"ReadAction\",\"target\":[\"https:\\\/\\\/mathiaslandau.com\\\/maintenance-mode\\\/\"]}]},{\"@type\":\"BreadcrumbList\",\"@id\":\"https:\\\/\\\/mathiaslandau.com\\\/maintenance-mode\\\/#breadcrumb\",\"itemListElement\":[{\"@type\":\"ListItem\",\"position\":1,\"name\":\"Accueil\",\"item\":\"https:\\\/\\\/mathiaslandau.com\\\/\"},{\"@type\":\"ListItem\",\"position\":2,\"name\":\"Maintenance Mode\"}]},{\"@type\":\"WebSite\",\"@id\":\"https:\\\/\\\/mathiaslandau.com\\\/#website\",\"url\":\"https:\\\/\\\/mathiaslandau.com\\\/\",\"name\":\"Mathias Landau\",\"description\":\"R\u00e9v\u00e9lez votre sensualit\u00e9\",\"publisher\":{\"@id\":\"https:\\\/\\\/mathiaslandau.com\\\/#organization\"},\"potentialAction\":[{\"@type\":\"SearchAction\",\"target\":{\"@type\":\"EntryPoint\",\"urlTemplate\":\"https:\\\/\\\/mathiaslandau.com\\\/?s={search_term_string}\"},\"query-input\":{\"@type\":\"PropertyValueSpecification\",\"valueRequired\":true,\"valueName\":\"search_term_string\"}}],\"inLanguage\":\"en-US\"},{\"@type\":\"Organization\",\"@id\":\"https:\\\/\\\/mathiaslandau.com\\\/#organization\",\"name\":\"Mathias Landau\",\"url\":\"https:\\\/\\\/mathiaslandau.com\\\/\",\"logo\":{\"@type\":\"ImageObject\",\"inLanguage\":\"en-US\",\"@id\":\"https:\\\/\\\/mathiaslandau.com\\\/#\\\/schema\\\/logo\\\/image\\\/\",\"url\":\"https:\\\/\\\/mathiaslandau.com\\\/wp-content\\\/uploads\\\/2023\\\/12\\\/Noir.svg\",\"contentUrl\":\"https:\\\/\\\/mathiaslandau.com\\\/wp-content\\\/uploads\\\/2023\\\/12\\\/Noir.svg\",\"width\":1,\"height\":1,\"caption\":\"Mathias Landau\"},\"image\":{\"@id\":\"https:\\\/\\\/mathiaslandau.com\\\/#\\\/schema\\\/logo\\\/image\\\/\"},\"sameAs\":[\"https:\\\/\\\/www.instagram.com\\\/landauofficial\\\/\"]}]}<\/script>\n<!-- \/ Yoast SEO plugin. -->","yoast_head_json":{"title":"Maintenance Mode - Mathias Landau","robots":{"index":"index","follow":"follow","max-snippet":"max-snippet:-1","max-image-preview":"max-image-preview:large","max-video-preview":"max-video-preview:-1"},"canonical":"https:\/\/mathiaslandau.com\/en\/maintenance-mode\/","og_locale":"en_US","og_type":"article","og_title":"Maintenance Mode - Mathias Landau","og_url":"https:\/\/mathiaslandau.com\/en\/maintenance-mode\/","og_site_name":"Mathias Landau","article_modified_time":"2023-01-04T11:39:57+00:00","twitter_card":"summary_large_image","twitter_misc":{"Est. reading time":"2 minutes"},"schema":{"@context":"https:\/\/schema.org","@graph":[{"@type":"WebPage","@id":"https:\/\/mathiaslandau.com\/maintenance-mode\/","url":"https:\/\/mathiaslandau.com\/maintenance-mode\/","name":"Maintenance Mode - Mathias Landau","isPartOf":{"@id":"https:\/\/mathiaslandau.com\/#website"},"datePublished":"2015-06-11T14:02:34+00:00","dateModified":"2023-01-04T11:39:57+00:00","breadcrumb":{"@id":"https:\/\/mathiaslandau.com\/maintenance-mode\/#breadcrumb"},"inLanguage":"en-US","potentialAction":[{"@type":"ReadAction","target":["https:\/\/mathiaslandau.com\/maintenance-mode\/"]}]},{"@type":"BreadcrumbList","@id":"https:\/\/mathiaslandau.com\/maintenance-mode\/#breadcrumb","itemListElement":[{"@type":"ListItem","position":1,"name":"Accueil","item":"https:\/\/mathiaslandau.com\/"},{"@type":"ListItem","position":2,"name":"Maintenance Mode"}]},{"@type":"WebSite","@id":"https:\/\/mathiaslandau.com\/#website","url":"https:\/\/mathiaslandau.com\/","name":"Mathias Landau","description":"R\u00e9v\u00e9lez votre sensualit\u00e9","publisher":{"@id":"https:\/\/mathiaslandau.com\/#organization"},"potentialAction":[{"@type":"SearchAction","target":{"@type":"EntryPoint","urlTemplate":"https:\/\/mathiaslandau.com\/?s={search_term_string}"},"query-input":{"@type":"PropertyValueSpecification","valueRequired":true,"valueName":"search_term_string"}}],"inLanguage":"en-US"},{"@type":"Organization","@id":"https:\/\/mathiaslandau.com\/#organization","name":"Mathias Landau","url":"https:\/\/mathiaslandau.com\/","logo":{"@type":"ImageObject","inLanguage":"en-US","@id":"https:\/\/mathiaslandau.com\/#\/schema\/logo\/image\/","url":"https:\/\/mathiaslandau.com\/wp-content\/uploads\/2023\/12\/Noir.svg","contentUrl":"https:\/\/mathiaslandau.com\/wp-content\/uploads\/2023\/12\/Noir.svg","width":1,"height":1,"caption":"Mathias Landau"},"image":{"@id":"https:\/\/mathiaslandau.com\/#\/schema\/logo\/image\/"},"sameAs":["https:\/\/www.instagram.com\/landauofficial\/"]}]}},"_links":{"self":[{"href":"https:\/\/mathiaslandau.com\/en\/wp-json\/wp\/v2\/pages\/22170","targetHints":{"allow":["GET"]}}],"collection":[{"href":"https:\/\/mathiaslandau.com\/en\/wp-json\/wp\/v2\/pages"}],"about":[{"href":"https:\/\/mathiaslandau.com\/en\/wp-json\/wp\/v2\/types\/page"}],"author":[{"embeddable":true,"href":"https:\/\/mathiaslandau.com\/en\/wp-json\/wp\/v2\/users\/1"}],"replies":[{"embeddable":true,"href":"https:\/\/mathiaslandau.com\/en\/wp-json\/wp\/v2\/comments?post=22170"}],"version-history":[{"count":3,"href":"https:\/\/mathiaslandau.com\/en\/wp-json\/wp\/v2\/pages\/22170\/revisions"}],"predecessor-version":[{"id":118102,"href":"https:\/\/mathiaslandau.com\/en\/wp-json\/wp\/v2\/pages\/22170\/revisions\/118102"}],"wp:attachment":[{"href":"https:\/\/mathiaslandau.com\/en\/wp-json\/wp\/v2\/media?parent=22170"}],"curies":[{"name":"wp","href":"https:\/\/api.w.org\/{rel}","templated":true}]}}