{"id":118744,"date":"2024-12-09T10:41:22","date_gmt":"2024-12-09T09:41:22","guid":{"rendered":"https:\/\/mathiaslandau.com\/?post_type=product&#038;p=118744"},"modified":"2025-02-01T00:00:39","modified_gmt":"2025-01-31T23:00:39","slug":"mitaines-en-elastique-satinees","status":"publish","type":"product","link":"https:\/\/mathiaslandau.com\/en\/la-collection\/mitaines-en-elastique-satinees\/","title":{"rendered":"Satin elastic mittens"},"content":{"rendered":"<div class=\"wpb-content-wrapper\"><div data-parent=\"true\" class=\"vc_row row-container\" id=\"row-unique-0\"><div class=\"row col-double-gutter no-top-padding no-bottom-padding no-h-padding limit-width row-parent\"><div class=\"wpb_row row-inner\"><div class=\"wpb_column pos-top pos-center align_left column_parent col-lg-12 col-md-33 half-internal-gutter\"><div class=\"uncol style-light\"  ><div class=\"uncoltable\"><div class=\"uncell no-block-padding\" ><div class=\"uncont\" ><div class=\"uncode_text_column\" ><p>These satin elastic mittens add a touch of elegance and modernity to your outfits. Every detail combines aesthetics and comfort, making them suitable for any occasion.<\/p>\n<p>The mittens perfectly contour the hands with their fitted design. The satin elastic, flexible and durable, provides a pleasant feel and ensures lasting comfort throughout the day.<\/p>\n<p>Their satin finish subtly captures the light, adding a refined touch to your outfits. They pair perfectly with evening wear or more casual styles, creating a look that\u2019s both chic and original. Their minimalist design allows them to seamlessly integrate into various fashion styles.<\/p>\n<p>A versatile and timeless accessory, these mittens enhance both everyday looks and more dressed-up outfits. They add a unique touch to any occasion.<\/p>\n<\/div><\/div><\/div><\/div><\/div><\/div><script id=\"script-row-unique-0\" data-row=\"script-row-unique-0\" type=\"text\/javascript\" class=\"vc_controls\">UNCODE.initRow(document.getElementById(\"row-unique-0\"));<\/script><\/div><\/div><\/div>\n<\/div>","protected":false},"excerpt":{"rendered":"<p>Satin mittens by Mathias Landau: elegance and comfort to enhance your hands. A versatile and glamorous accessory for any outfit.<\/p>","protected":false},"featured_media":118807,"comment_status":"open","ping_status":"closed","template":"","meta":{"om_disable_all_campaigns":false,"_monsterinsights_skip_tracking":false,"_monsterinsights_sitenote_active":false,"_monsterinsights_sitenote_note":"","_monsterinsights_sitenote_category":0},"product_brand":[],"product_cat":[179],"product_tag":[],"class_list":{"0":"post-118744","1":"product","2":"type-product","3":"status-publish","4":"has-post-thumbnail","6":"product_cat-accessoires","8":"first","9":"instock","10":"purchasable","11":"product-type-variable"},"yoast_head":"<!-- This site is optimized with the Yoast SEO plugin v27.3 - https:\/\/yoast.com\/product\/yoast-seo-wordpress\/ -->\n<title>Mitaines en \u00e9lastique satin\u00e9es - Mathias Landau<\/title>\n<meta name=\"description\" content=\"D\u00e9couvrez les mitaines en \u00e9lastique satin\u00e9 sign\u00e9es Mathias Landau. Confortables et raffin\u00e9es, elles apportent une touche d&#039;\u00e9l\u00e9gance unique \u00e0 vos tenues.\" \/>\n<meta name=\"robots\" content=\"index, follow, max-snippet:-1, max-image-preview:large, max-video-preview:-1\" \/>\n<link rel=\"canonical\" href=\"https:\/\/mathiaslandau.com\/en\/la-collection\/mitaines-en-elastique-satinees\/\" \/>\n<meta property=\"og:locale\" content=\"en_US\" \/>\n<meta property=\"og:type\" content=\"article\" \/>\n<meta property=\"og:title\" content=\"Mitaines en \u00e9lastique satin\u00e9es - Mathias Landau\" \/>\n<meta property=\"og:description\" content=\"D\u00e9couvrez les mitaines en \u00e9lastique satin\u00e9 sign\u00e9es Mathias Landau. Confortables et raffin\u00e9es, elles apportent une touche d&#039;\u00e9l\u00e9gance unique \u00e0 vos tenues.\" \/>\n<meta property=\"og:url\" content=\"https:\/\/mathiaslandau.com\/en\/la-collection\/mitaines-en-elastique-satinees\/\" \/>\n<meta property=\"og:site_name\" content=\"Mathias Landau\" \/>\n<meta property=\"article:modified_time\" content=\"2025-01-31T23:00:39+00:00\" \/>\n<meta property=\"og:image\" content=\"https:\/\/mathiaslandau.com\/wp-content\/uploads\/2024\/12\/Mathias-Landau-Shooting-Produit-g2_Front.jpg\" \/>\n\t<meta property=\"og:image:width\" content=\"2048\" \/>\n\t<meta property=\"og:image:height\" content=\"2530\" \/>\n\t<meta property=\"og:image:type\" content=\"image\/jpeg\" \/>\n<meta name=\"twitter:card\" content=\"summary_large_image\" \/>\n<meta name=\"twitter:label1\" content=\"Est. reading time\" \/>\n\t<meta name=\"twitter:data1\" content=\"2 minutes\" \/>\n<script type=\"application\/ld+json\" class=\"yoast-schema-graph\">{\"@context\":\"https:\\\/\\\/schema.org\",\"@graph\":[{\"@type\":\"WebPage\",\"@id\":\"https:\\\/\\\/mathiaslandau.com\\\/la-collection\\\/mitaines-en-elastique-satinees\\\/\",\"url\":\"https:\\\/\\\/mathiaslandau.com\\\/la-collection\\\/mitaines-en-elastique-satinees\\\/\",\"name\":\"Mitaines en \u00e9lastique satin\u00e9es - Mathias Landau\",\"isPartOf\":{\"@id\":\"https:\\\/\\\/mathiaslandau.com\\\/#website\"},\"primaryImageOfPage\":{\"@id\":\"https:\\\/\\\/mathiaslandau.com\\\/la-collection\\\/mitaines-en-elastique-satinees\\\/#primaryimage\"},\"image\":{\"@id\":\"https:\\\/\\\/mathiaslandau.com\\\/la-collection\\\/mitaines-en-elastique-satinees\\\/#primaryimage\"},\"thumbnailUrl\":\"https:\\\/\\\/mathiaslandau.com\\\/wp-content\\\/uploads\\\/2024\\\/12\\\/Mathias-Landau-Shooting-Produit-g2_Front.jpg\",\"datePublished\":\"2024-12-09T09:41:22+00:00\",\"dateModified\":\"2025-01-31T23:00:39+00:00\",\"description\":\"D\u00e9couvrez les mitaines en \u00e9lastique satin\u00e9 sign\u00e9es Mathias Landau. Confortables et raffin\u00e9es, elles apportent une touche d'\u00e9l\u00e9gance unique \u00e0 vos tenues.\",\"breadcrumb\":{\"@id\":\"https:\\\/\\\/mathiaslandau.com\\\/la-collection\\\/mitaines-en-elastique-satinees\\\/#breadcrumb\"},\"inLanguage\":\"en-US\",\"potentialAction\":[{\"@type\":\"ReadAction\",\"target\":[\"https:\\\/\\\/mathiaslandau.com\\\/la-collection\\\/mitaines-en-elastique-satinees\\\/\"]}]},{\"@type\":\"ImageObject\",\"inLanguage\":\"en-US\",\"@id\":\"https:\\\/\\\/mathiaslandau.com\\\/la-collection\\\/mitaines-en-elastique-satinees\\\/#primaryimage\",\"url\":\"https:\\\/\\\/mathiaslandau.com\\\/wp-content\\\/uploads\\\/2024\\\/12\\\/Mathias-Landau-Shooting-Produit-g2_Front.jpg\",\"contentUrl\":\"https:\\\/\\\/mathiaslandau.com\\\/wp-content\\\/uploads\\\/2024\\\/12\\\/Mathias-Landau-Shooting-Produit-g2_Front.jpg\",\"width\":2048,\"height\":2530},{\"@type\":\"BreadcrumbList\",\"@id\":\"https:\\\/\\\/mathiaslandau.com\\\/la-collection\\\/mitaines-en-elastique-satinees\\\/#breadcrumb\",\"itemListElement\":[{\"@type\":\"ListItem\",\"position\":1,\"name\":\"Accueil\",\"item\":\"https:\\\/\\\/mathiaslandau.com\\\/\"},{\"@type\":\"ListItem\",\"position\":2,\"name\":\"Shop\",\"item\":\"https:\\\/\\\/mathiaslandau.com\\\/shop\\\/\"},{\"@type\":\"ListItem\",\"position\":3,\"name\":\"Mitaines en \u00e9lastique satin\u00e9es\"}]},{\"@type\":\"WebSite\",\"@id\":\"https:\\\/\\\/mathiaslandau.com\\\/#website\",\"url\":\"https:\\\/\\\/mathiaslandau.com\\\/\",\"name\":\"Mathias Landau\",\"description\":\"R\u00e9v\u00e9lez votre sensualit\u00e9\",\"publisher\":{\"@id\":\"https:\\\/\\\/mathiaslandau.com\\\/#organization\"},\"potentialAction\":[{\"@type\":\"SearchAction\",\"target\":{\"@type\":\"EntryPoint\",\"urlTemplate\":\"https:\\\/\\\/mathiaslandau.com\\\/?s={search_term_string}\"},\"query-input\":{\"@type\":\"PropertyValueSpecification\",\"valueRequired\":true,\"valueName\":\"search_term_string\"}}],\"inLanguage\":\"en-US\"},{\"@type\":\"Organization\",\"@id\":\"https:\\\/\\\/mathiaslandau.com\\\/#organization\",\"name\":\"Mathias Landau\",\"url\":\"https:\\\/\\\/mathiaslandau.com\\\/\",\"logo\":{\"@type\":\"ImageObject\",\"inLanguage\":\"en-US\",\"@id\":\"https:\\\/\\\/mathiaslandau.com\\\/#\\\/schema\\\/logo\\\/image\\\/\",\"url\":\"https:\\\/\\\/mathiaslandau.com\\\/wp-content\\\/uploads\\\/2023\\\/12\\\/Noir.svg\",\"contentUrl\":\"https:\\\/\\\/mathiaslandau.com\\\/wp-content\\\/uploads\\\/2023\\\/12\\\/Noir.svg\",\"width\":1,\"height\":1,\"caption\":\"Mathias Landau\"},\"image\":{\"@id\":\"https:\\\/\\\/mathiaslandau.com\\\/#\\\/schema\\\/logo\\\/image\\\/\"},\"sameAs\":[\"https:\\\/\\\/www.instagram.com\\\/landauofficial\\\/\"]}]}<\/script>\n<!-- \/ Yoast SEO plugin. -->","yoast_head_json":{"title":"Mitaines en \u00e9lastique satin\u00e9es - Mathias Landau","description":"D\u00e9couvrez les mitaines en \u00e9lastique satin\u00e9 sign\u00e9es Mathias Landau. Confortables et raffin\u00e9es, elles apportent une touche d'\u00e9l\u00e9gance unique \u00e0 vos tenues.","robots":{"index":"index","follow":"follow","max-snippet":"max-snippet:-1","max-image-preview":"max-image-preview:large","max-video-preview":"max-video-preview:-1"},"canonical":"https:\/\/mathiaslandau.com\/en\/la-collection\/mitaines-en-elastique-satinees\/","og_locale":"en_US","og_type":"article","og_title":"Mitaines en \u00e9lastique satin\u00e9es - Mathias Landau","og_description":"D\u00e9couvrez les mitaines en \u00e9lastique satin\u00e9 sign\u00e9es Mathias Landau. Confortables et raffin\u00e9es, elles apportent une touche d'\u00e9l\u00e9gance unique \u00e0 vos tenues.","og_url":"https:\/\/mathiaslandau.com\/en\/la-collection\/mitaines-en-elastique-satinees\/","og_site_name":"Mathias Landau","article_modified_time":"2025-01-31T23:00:39+00:00","og_image":[{"width":2048,"height":2530,"url":"https:\/\/mathiaslandau.com\/wp-content\/uploads\/2024\/12\/Mathias-Landau-Shooting-Produit-g2_Front.jpg","type":"image\/jpeg"}],"twitter_card":"summary_large_image","twitter_misc":{"Est. reading time":"2 minutes"},"schema":{"@context":"https:\/\/schema.org","@graph":[{"@type":"WebPage","@id":"https:\/\/mathiaslandau.com\/la-collection\/mitaines-en-elastique-satinees\/","url":"https:\/\/mathiaslandau.com\/la-collection\/mitaines-en-elastique-satinees\/","name":"Mitaines en \u00e9lastique satin\u00e9es - Mathias Landau","isPartOf":{"@id":"https:\/\/mathiaslandau.com\/#website"},"primaryImageOfPage":{"@id":"https:\/\/mathiaslandau.com\/la-collection\/mitaines-en-elastique-satinees\/#primaryimage"},"image":{"@id":"https:\/\/mathiaslandau.com\/la-collection\/mitaines-en-elastique-satinees\/#primaryimage"},"thumbnailUrl":"https:\/\/mathiaslandau.com\/wp-content\/uploads\/2024\/12\/Mathias-Landau-Shooting-Produit-g2_Front.jpg","datePublished":"2024-12-09T09:41:22+00:00","dateModified":"2025-01-31T23:00:39+00:00","description":"D\u00e9couvrez les mitaines en \u00e9lastique satin\u00e9 sign\u00e9es Mathias Landau. Confortables et raffin\u00e9es, elles apportent une touche d'\u00e9l\u00e9gance unique \u00e0 vos tenues.","breadcrumb":{"@id":"https:\/\/mathiaslandau.com\/la-collection\/mitaines-en-elastique-satinees\/#breadcrumb"},"inLanguage":"en-US","potentialAction":[{"@type":"ReadAction","target":["https:\/\/mathiaslandau.com\/la-collection\/mitaines-en-elastique-satinees\/"]}]},{"@type":"ImageObject","inLanguage":"en-US","@id":"https:\/\/mathiaslandau.com\/la-collection\/mitaines-en-elastique-satinees\/#primaryimage","url":"https:\/\/mathiaslandau.com\/wp-content\/uploads\/2024\/12\/Mathias-Landau-Shooting-Produit-g2_Front.jpg","contentUrl":"https:\/\/mathiaslandau.com\/wp-content\/uploads\/2024\/12\/Mathias-Landau-Shooting-Produit-g2_Front.jpg","width":2048,"height":2530},{"@type":"BreadcrumbList","@id":"https:\/\/mathiaslandau.com\/la-collection\/mitaines-en-elastique-satinees\/#breadcrumb","itemListElement":[{"@type":"ListItem","position":1,"name":"Accueil","item":"https:\/\/mathiaslandau.com\/"},{"@type":"ListItem","position":2,"name":"Shop","item":"https:\/\/mathiaslandau.com\/shop\/"},{"@type":"ListItem","position":3,"name":"Mitaines en \u00e9lastique satin\u00e9es"}]},{"@type":"WebSite","@id":"https:\/\/mathiaslandau.com\/#website","url":"https:\/\/mathiaslandau.com\/","name":"Mathias Landau","description":"R\u00e9v\u00e9lez votre sensualit\u00e9","publisher":{"@id":"https:\/\/mathiaslandau.com\/#organization"},"potentialAction":[{"@type":"SearchAction","target":{"@type":"EntryPoint","urlTemplate":"https:\/\/mathiaslandau.com\/?s={search_term_string}"},"query-input":{"@type":"PropertyValueSpecification","valueRequired":true,"valueName":"search_term_string"}}],"inLanguage":"en-US"},{"@type":"Organization","@id":"https:\/\/mathiaslandau.com\/#organization","name":"Mathias Landau","url":"https:\/\/mathiaslandau.com\/","logo":{"@type":"ImageObject","inLanguage":"en-US","@id":"https:\/\/mathiaslandau.com\/#\/schema\/logo\/image\/","url":"https:\/\/mathiaslandau.com\/wp-content\/uploads\/2023\/12\/Noir.svg","contentUrl":"https:\/\/mathiaslandau.com\/wp-content\/uploads\/2023\/12\/Noir.svg","width":1,"height":1,"caption":"Mathias Landau"},"image":{"@id":"https:\/\/mathiaslandau.com\/#\/schema\/logo\/image\/"},"sameAs":["https:\/\/www.instagram.com\/landauofficial\/"]}]}},"_links":{"self":[{"href":"https:\/\/mathiaslandau.com\/en\/wp-json\/wp\/v2\/product\/118744","targetHints":{"allow":["GET"]}}],"collection":[{"href":"https:\/\/mathiaslandau.com\/en\/wp-json\/wp\/v2\/product"}],"about":[{"href":"https:\/\/mathiaslandau.com\/en\/wp-json\/wp\/v2\/types\/product"}],"replies":[{"embeddable":true,"href":"https:\/\/mathiaslandau.com\/en\/wp-json\/wp\/v2\/comments?post=118744"}],"wp:featuredmedia":[{"embeddable":true,"href":"https:\/\/mathiaslandau.com\/en\/wp-json\/wp\/v2\/media\/118807"}],"wp:attachment":[{"href":"https:\/\/mathiaslandau.com\/en\/wp-json\/wp\/v2\/media?parent=118744"}],"wp:term":[{"taxonomy":"product_brand","embeddable":true,"href":"https:\/\/mathiaslandau.com\/en\/wp-json\/wp\/v2\/product_brand?post=118744"},{"taxonomy":"product_cat","embeddable":true,"href":"https:\/\/mathiaslandau.com\/en\/wp-json\/wp\/v2\/product_cat?post=118744"},{"taxonomy":"product_tag","embeddable":true,"href":"https:\/\/mathiaslandau.com\/en\/wp-json\/wp\/v2\/product_tag?post=118744"}],"curies":[{"name":"wp","href":"https:\/\/api.w.org\/{rel}","templated":true}]}}