{"id":118747,"date":"2024-12-09T10:58:47","date_gmt":"2024-12-09T09:58:47","guid":{"rendered":"https:\/\/mathiaslandau.com\/?post_type=product&#038;p=118747"},"modified":"2025-02-01T00:00:39","modified_gmt":"2025-01-31T23:00:39","slug":"soutien-gorge-en-chaine","status":"publish","type":"product","link":"https:\/\/mathiaslandau.com\/en\/la-collection\/soutien-gorge-en-chaine\/","title":{"rendered":"Chain bra"},"content":{"rendered":"<div class=\"wpb-content-wrapper\"><div data-parent=\"true\" class=\"vc_row row-container\" id=\"row-unique-0\"><div class=\"row col-double-gutter no-top-padding no-bottom-padding no-h-padding limit-width row-parent\"><div class=\"wpb_row row-inner\"><div class=\"wpb_column pos-top pos-center align_left column_parent col-lg-12 col-md-33 half-internal-gutter\"><div class=\"uncol style-light\"  ><div class=\"uncoltable\"><div class=\"uncell no-block-padding\" ><div class=\"uncont\" ><div class=\"uncode_text_column\" ><p>Ce soutien-gorge en cha\u00eene se distingue comme une pi\u00e8ce unique qui attire les regards et sublime votre silhouette. Con\u00e7u comme un bijou de corps, il apporte une touche audacieuse et \u00e9l\u00e9gante \u00e0 vos tenues.<\/p>\n<p>Les cha\u00eenes d\u00e9licates ornent la poitrine avec subtilit\u00e9. L\u00e9g\u00e8res mais r\u00e9sistantes, elles cr\u00e9ent un effet visuel captivant tout en restant agr\u00e9ables \u00e0 porter. Leur disposition souligne les courbes avec finesse et raffinement.<\/p>\n<p>Gr\u00e2ce \u00e0 son design minimaliste, ce soutien-gorge s\u2019int\u00e8gre facilement \u00e0 diff\u00e9rents styles. Portez-le comme un accessoire audacieux sur une robe ou associez-le \u00e0 un haut transparent pour un look avant-gardiste. Sa structure ajust\u00e9e garantit un maintien adapt\u00e9 tout en offrant une l\u00e9g\u00e8ret\u00e9 appr\u00e9ciable.<\/p>\n<p>Id\u00e9al pour des occasions sp\u00e9ciales, il s\u2019impose comme une pi\u00e8ce incontournable pour affirmer votre style avec assurance.<\/p>\n<\/div><\/div><\/div><\/div><\/div><\/div><script id=\"script-row-unique-0\" data-row=\"script-row-unique-0\" type=\"text\/javascript\" class=\"vc_controls\">UNCODE.initRow(document.getElementById(\"row-unique-0\"));<\/script><\/div><\/div><\/div>\n<\/div>","protected":false},"excerpt":{"rendered":"<p>Chain bra by Mathias Landau: a bold and elegant body jewel designed to elevate your outfits and draw every eye.<\/p>","protected":false},"featured_media":118782,"comment_status":"open","ping_status":"closed","template":"","meta":{"om_disable_all_campaigns":false,"_monsterinsights_skip_tracking":false,"_monsterinsights_sitenote_active":false,"_monsterinsights_sitenote_note":"","_monsterinsights_sitenote_category":0},"product_brand":[],"product_cat":[179],"product_tag":[],"class_list":{"0":"post-118747","1":"product","2":"type-product","3":"status-publish","4":"has-post-thumbnail","6":"product_cat-accessoires","8":"first","9":"instock","10":"purchasable","11":"product-type-variable"},"yoast_head":"<!-- This site is optimized with the Yoast SEO plugin v27.3 - https:\/\/yoast.com\/product\/yoast-seo-wordpress\/ -->\n<title>Soutien-gorge en cha\u00eene - Mathias Landau<\/title>\n<meta name=\"description\" content=\"D\u00e9couvrez le soutien-gorge en cha\u00eene sign\u00e9 Mathias Landau : une pi\u00e8ce audacieuse et raffin\u00e9e, id\u00e9ale pour sublimer vos tenues et r\u00e9v\u00e9ler votre style unique.\" \/>\n<meta name=\"robots\" content=\"index, follow, max-snippet:-1, max-image-preview:large, max-video-preview:-1\" \/>\n<link rel=\"canonical\" href=\"https:\/\/mathiaslandau.com\/en\/la-collection\/soutien-gorge-en-chaine\/\" \/>\n<meta property=\"og:locale\" content=\"en_US\" \/>\n<meta property=\"og:type\" content=\"article\" \/>\n<meta property=\"og:title\" content=\"Soutien-gorge en cha\u00eene - Mathias Landau\" \/>\n<meta property=\"og:description\" content=\"D\u00e9couvrez le soutien-gorge en cha\u00eene sign\u00e9 Mathias Landau : une pi\u00e8ce audacieuse et raffin\u00e9e, id\u00e9ale pour sublimer vos tenues et r\u00e9v\u00e9ler votre style unique.\" \/>\n<meta property=\"og:url\" content=\"https:\/\/mathiaslandau.com\/en\/la-collection\/soutien-gorge-en-chaine\/\" \/>\n<meta property=\"og:site_name\" content=\"Mathias Landau\" \/>\n<meta property=\"article:modified_time\" content=\"2025-01-31T23:00:39+00:00\" \/>\n<meta property=\"og:image\" content=\"https:\/\/mathiaslandau.com\/wp-content\/uploads\/2024\/12\/Mathias-Landau-Shooting-Produit-2_Front.jpg\" \/>\n\t<meta property=\"og:image:width\" content=\"2048\" \/>\n\t<meta property=\"og:image:height\" content=\"2530\" \/>\n\t<meta property=\"og:image:type\" content=\"image\/jpeg\" \/>\n<meta name=\"twitter:card\" content=\"summary_large_image\" \/>\n<meta name=\"twitter:label1\" content=\"Est. reading time\" \/>\n\t<meta name=\"twitter:data1\" content=\"1 minute\" \/>\n<script type=\"application\/ld+json\" class=\"yoast-schema-graph\">{\"@context\":\"https:\\\/\\\/schema.org\",\"@graph\":[{\"@type\":\"WebPage\",\"@id\":\"https:\\\/\\\/mathiaslandau.com\\\/la-collection\\\/soutien-gorge-en-chaine\\\/\",\"url\":\"https:\\\/\\\/mathiaslandau.com\\\/la-collection\\\/soutien-gorge-en-chaine\\\/\",\"name\":\"Soutien-gorge en cha\u00eene - Mathias Landau\",\"isPartOf\":{\"@id\":\"https:\\\/\\\/mathiaslandau.com\\\/#website\"},\"primaryImageOfPage\":{\"@id\":\"https:\\\/\\\/mathiaslandau.com\\\/la-collection\\\/soutien-gorge-en-chaine\\\/#primaryimage\"},\"image\":{\"@id\":\"https:\\\/\\\/mathiaslandau.com\\\/la-collection\\\/soutien-gorge-en-chaine\\\/#primaryimage\"},\"thumbnailUrl\":\"https:\\\/\\\/mathiaslandau.com\\\/wp-content\\\/uploads\\\/2024\\\/12\\\/Mathias-Landau-Shooting-Produit-2_Front.jpg\",\"datePublished\":\"2024-12-09T09:58:47+00:00\",\"dateModified\":\"2025-01-31T23:00:39+00:00\",\"description\":\"D\u00e9couvrez le soutien-gorge en cha\u00eene sign\u00e9 Mathias Landau : une pi\u00e8ce audacieuse et raffin\u00e9e, id\u00e9ale pour sublimer vos tenues et r\u00e9v\u00e9ler votre style unique.\",\"breadcrumb\":{\"@id\":\"https:\\\/\\\/mathiaslandau.com\\\/la-collection\\\/soutien-gorge-en-chaine\\\/#breadcrumb\"},\"inLanguage\":\"en-US\",\"potentialAction\":[{\"@type\":\"ReadAction\",\"target\":[\"https:\\\/\\\/mathiaslandau.com\\\/la-collection\\\/soutien-gorge-en-chaine\\\/\"]}]},{\"@type\":\"ImageObject\",\"inLanguage\":\"en-US\",\"@id\":\"https:\\\/\\\/mathiaslandau.com\\\/la-collection\\\/soutien-gorge-en-chaine\\\/#primaryimage\",\"url\":\"https:\\\/\\\/mathiaslandau.com\\\/wp-content\\\/uploads\\\/2024\\\/12\\\/Mathias-Landau-Shooting-Produit-2_Front.jpg\",\"contentUrl\":\"https:\\\/\\\/mathiaslandau.com\\\/wp-content\\\/uploads\\\/2024\\\/12\\\/Mathias-Landau-Shooting-Produit-2_Front.jpg\",\"width\":2048,\"height\":2530},{\"@type\":\"BreadcrumbList\",\"@id\":\"https:\\\/\\\/mathiaslandau.com\\\/la-collection\\\/soutien-gorge-en-chaine\\\/#breadcrumb\",\"itemListElement\":[{\"@type\":\"ListItem\",\"position\":1,\"name\":\"Accueil\",\"item\":\"https:\\\/\\\/mathiaslandau.com\\\/\"},{\"@type\":\"ListItem\",\"position\":2,\"name\":\"Shop\",\"item\":\"https:\\\/\\\/mathiaslandau.com\\\/shop\\\/\"},{\"@type\":\"ListItem\",\"position\":3,\"name\":\"Soutien-gorge en cha\u00eene\"}]},{\"@type\":\"WebSite\",\"@id\":\"https:\\\/\\\/mathiaslandau.com\\\/#website\",\"url\":\"https:\\\/\\\/mathiaslandau.com\\\/\",\"name\":\"Mathias Landau\",\"description\":\"R\u00e9v\u00e9lez votre sensualit\u00e9\",\"publisher\":{\"@id\":\"https:\\\/\\\/mathiaslandau.com\\\/#organization\"},\"potentialAction\":[{\"@type\":\"SearchAction\",\"target\":{\"@type\":\"EntryPoint\",\"urlTemplate\":\"https:\\\/\\\/mathiaslandau.com\\\/?s={search_term_string}\"},\"query-input\":{\"@type\":\"PropertyValueSpecification\",\"valueRequired\":true,\"valueName\":\"search_term_string\"}}],\"inLanguage\":\"en-US\"},{\"@type\":\"Organization\",\"@id\":\"https:\\\/\\\/mathiaslandau.com\\\/#organization\",\"name\":\"Mathias Landau\",\"url\":\"https:\\\/\\\/mathiaslandau.com\\\/\",\"logo\":{\"@type\":\"ImageObject\",\"inLanguage\":\"en-US\",\"@id\":\"https:\\\/\\\/mathiaslandau.com\\\/#\\\/schema\\\/logo\\\/image\\\/\",\"url\":\"https:\\\/\\\/mathiaslandau.com\\\/wp-content\\\/uploads\\\/2023\\\/12\\\/Noir.svg\",\"contentUrl\":\"https:\\\/\\\/mathiaslandau.com\\\/wp-content\\\/uploads\\\/2023\\\/12\\\/Noir.svg\",\"width\":1,\"height\":1,\"caption\":\"Mathias Landau\"},\"image\":{\"@id\":\"https:\\\/\\\/mathiaslandau.com\\\/#\\\/schema\\\/logo\\\/image\\\/\"},\"sameAs\":[\"https:\\\/\\\/www.instagram.com\\\/landauofficial\\\/\"]}]}<\/script>\n<!-- \/ Yoast SEO plugin. -->","yoast_head_json":{"title":"Soutien-gorge en cha\u00eene - Mathias Landau","description":"D\u00e9couvrez le soutien-gorge en cha\u00eene sign\u00e9 Mathias Landau : une pi\u00e8ce audacieuse et raffin\u00e9e, id\u00e9ale pour sublimer vos tenues et r\u00e9v\u00e9ler votre style unique.","robots":{"index":"index","follow":"follow","max-snippet":"max-snippet:-1","max-image-preview":"max-image-preview:large","max-video-preview":"max-video-preview:-1"},"canonical":"https:\/\/mathiaslandau.com\/en\/la-collection\/soutien-gorge-en-chaine\/","og_locale":"en_US","og_type":"article","og_title":"Soutien-gorge en cha\u00eene - Mathias Landau","og_description":"D\u00e9couvrez le soutien-gorge en cha\u00eene sign\u00e9 Mathias Landau : une pi\u00e8ce audacieuse et raffin\u00e9e, id\u00e9ale pour sublimer vos tenues et r\u00e9v\u00e9ler votre style unique.","og_url":"https:\/\/mathiaslandau.com\/en\/la-collection\/soutien-gorge-en-chaine\/","og_site_name":"Mathias Landau","article_modified_time":"2025-01-31T23:00:39+00:00","og_image":[{"width":2048,"height":2530,"url":"https:\/\/mathiaslandau.com\/wp-content\/uploads\/2024\/12\/Mathias-Landau-Shooting-Produit-2_Front.jpg","type":"image\/jpeg"}],"twitter_card":"summary_large_image","twitter_misc":{"Est. reading time":"1 minute"},"schema":{"@context":"https:\/\/schema.org","@graph":[{"@type":"WebPage","@id":"https:\/\/mathiaslandau.com\/la-collection\/soutien-gorge-en-chaine\/","url":"https:\/\/mathiaslandau.com\/la-collection\/soutien-gorge-en-chaine\/","name":"Soutien-gorge en cha\u00eene - Mathias Landau","isPartOf":{"@id":"https:\/\/mathiaslandau.com\/#website"},"primaryImageOfPage":{"@id":"https:\/\/mathiaslandau.com\/la-collection\/soutien-gorge-en-chaine\/#primaryimage"},"image":{"@id":"https:\/\/mathiaslandau.com\/la-collection\/soutien-gorge-en-chaine\/#primaryimage"},"thumbnailUrl":"https:\/\/mathiaslandau.com\/wp-content\/uploads\/2024\/12\/Mathias-Landau-Shooting-Produit-2_Front.jpg","datePublished":"2024-12-09T09:58:47+00:00","dateModified":"2025-01-31T23:00:39+00:00","description":"D\u00e9couvrez le soutien-gorge en cha\u00eene sign\u00e9 Mathias Landau : une pi\u00e8ce audacieuse et raffin\u00e9e, id\u00e9ale pour sublimer vos tenues et r\u00e9v\u00e9ler votre style unique.","breadcrumb":{"@id":"https:\/\/mathiaslandau.com\/la-collection\/soutien-gorge-en-chaine\/#breadcrumb"},"inLanguage":"en-US","potentialAction":[{"@type":"ReadAction","target":["https:\/\/mathiaslandau.com\/la-collection\/soutien-gorge-en-chaine\/"]}]},{"@type":"ImageObject","inLanguage":"en-US","@id":"https:\/\/mathiaslandau.com\/la-collection\/soutien-gorge-en-chaine\/#primaryimage","url":"https:\/\/mathiaslandau.com\/wp-content\/uploads\/2024\/12\/Mathias-Landau-Shooting-Produit-2_Front.jpg","contentUrl":"https:\/\/mathiaslandau.com\/wp-content\/uploads\/2024\/12\/Mathias-Landau-Shooting-Produit-2_Front.jpg","width":2048,"height":2530},{"@type":"BreadcrumbList","@id":"https:\/\/mathiaslandau.com\/la-collection\/soutien-gorge-en-chaine\/#breadcrumb","itemListElement":[{"@type":"ListItem","position":1,"name":"Accueil","item":"https:\/\/mathiaslandau.com\/"},{"@type":"ListItem","position":2,"name":"Shop","item":"https:\/\/mathiaslandau.com\/shop\/"},{"@type":"ListItem","position":3,"name":"Soutien-gorge en cha\u00eene"}]},{"@type":"WebSite","@id":"https:\/\/mathiaslandau.com\/#website","url":"https:\/\/mathiaslandau.com\/","name":"Mathias Landau","description":"R\u00e9v\u00e9lez votre sensualit\u00e9","publisher":{"@id":"https:\/\/mathiaslandau.com\/#organization"},"potentialAction":[{"@type":"SearchAction","target":{"@type":"EntryPoint","urlTemplate":"https:\/\/mathiaslandau.com\/?s={search_term_string}"},"query-input":{"@type":"PropertyValueSpecification","valueRequired":true,"valueName":"search_term_string"}}],"inLanguage":"en-US"},{"@type":"Organization","@id":"https:\/\/mathiaslandau.com\/#organization","name":"Mathias Landau","url":"https:\/\/mathiaslandau.com\/","logo":{"@type":"ImageObject","inLanguage":"en-US","@id":"https:\/\/mathiaslandau.com\/#\/schema\/logo\/image\/","url":"https:\/\/mathiaslandau.com\/wp-content\/uploads\/2023\/12\/Noir.svg","contentUrl":"https:\/\/mathiaslandau.com\/wp-content\/uploads\/2023\/12\/Noir.svg","width":1,"height":1,"caption":"Mathias Landau"},"image":{"@id":"https:\/\/mathiaslandau.com\/#\/schema\/logo\/image\/"},"sameAs":["https:\/\/www.instagram.com\/landauofficial\/"]}]}},"_links":{"self":[{"href":"https:\/\/mathiaslandau.com\/en\/wp-json\/wp\/v2\/product\/118747","targetHints":{"allow":["GET"]}}],"collection":[{"href":"https:\/\/mathiaslandau.com\/en\/wp-json\/wp\/v2\/product"}],"about":[{"href":"https:\/\/mathiaslandau.com\/en\/wp-json\/wp\/v2\/types\/product"}],"replies":[{"embeddable":true,"href":"https:\/\/mathiaslandau.com\/en\/wp-json\/wp\/v2\/comments?post=118747"}],"wp:featuredmedia":[{"embeddable":true,"href":"https:\/\/mathiaslandau.com\/en\/wp-json\/wp\/v2\/media\/118782"}],"wp:attachment":[{"href":"https:\/\/mathiaslandau.com\/en\/wp-json\/wp\/v2\/media?parent=118747"}],"wp:term":[{"taxonomy":"product_brand","embeddable":true,"href":"https:\/\/mathiaslandau.com\/en\/wp-json\/wp\/v2\/product_brand?post=118747"},{"taxonomy":"product_cat","embeddable":true,"href":"https:\/\/mathiaslandau.com\/en\/wp-json\/wp\/v2\/product_cat?post=118747"},{"taxonomy":"product_tag","embeddable":true,"href":"https:\/\/mathiaslandau.com\/en\/wp-json\/wp\/v2\/product_tag?post=118747"}],"curies":[{"name":"wp","href":"https:\/\/api.w.org\/{rel}","templated":true}]}}